{"id":2233754,"date":"2025-01-08T07:57:12","date_gmt":"2025-01-08T06:57:12","guid":{"rendered":"https:\/\/eu.tilta.com\/shop\/funda-de-piel-para-camara-fujifilm-x-m5\/"},"modified":"2026-02-16T09:03:47","modified_gmt":"2026-02-16T08:03:47","slug":"leather-camera-case-for-fujifilm-x-m5","status":"publish","type":"product","link":"https:\/\/eu.tilta.com\/es\/shop\/leather-camera-case-for-fujifilm-x-m5\/","title":{"rendered":"Funda de piel para c\u00e1mara Fujifilm X-M5"},"content":{"rendered":"<p><em>Presentamos la funda de piel para c\u00e1mara Fujifilm X-M5<\/em><\/p>\n<p>Esta funda se monta mediante un tornillo de 1\/4\u2033-20 y proporciona a los usuarios una forma m\u00e1s c\u00f3moda de manejar y manipular el cuerpo de la c\u00e1mara mediante la empu\u00f1adura integrada.<\/p>\n<p>El dise\u00f1o tambi\u00e9n proporciona una protecci\u00f3n adicional para la parte inferior del cuerpo de la c\u00e1mara, lo que resulta especialmente \u00fatil al dejarla en el suelo.<\/p>\n<p>Una peque\u00f1a solapa en la parte inferior facilita el acceso al compartimento de las pilas.<\/p>\n","protected":false},"excerpt":{"rendered":"<p>Presentamos la funda de piel para c\u00e1mara Fujifilm X-M5 Esta funda se monta mediante un tornillo de 1\/4\u2033-20 y proporciona a los usuarios una forma m\u00e1s c\u00f3moda de manejar y manipular el cuerpo de la c\u00e1mara mediante la empu\u00f1adura integrada. [&hellip;]<\/p>\n","protected":false},"featured_media":2166322,"comment_status":"open","ping_status":"closed","template":"","meta":[],"product_cat":[4448,3904],"product_tag":[],"acf":[],"gallery_images":[2166334,2166347,2166359,2166389,2166395],"_links":{"self":[{"href":"https:\/\/eu.tilta.com\/es\/wp-json\/wp\/v2\/product\/2233754"}],"collection":[{"href":"https:\/\/eu.tilta.com\/es\/wp-json\/wp\/v2\/product"}],"about":[{"href":"https:\/\/eu.tilta.com\/es\/wp-json\/wp\/v2\/types\/product"}],"replies":[{"embeddable":true,"href":"https:\/\/eu.tilta.com\/es\/wp-json\/wp\/v2\/comments?post=2233754"}],"wp:featuredmedia":[{"embeddable":true,"href":"https:\/\/eu.tilta.com\/es\/wp-json\/wp\/v2\/media\/2166322"}],"wp:attachment":[{"href":"https:\/\/eu.tilta.com\/es\/wp-json\/wp\/v2\/media?parent=2233754"}],"wp:term":[{"taxonomy":"product_cat","embeddable":true,"href":"https:\/\/eu.tilta.com\/es\/wp-json\/wp\/v2\/product_cat?post=2233754"},{"taxonomy":"product_tag","embeddable":true,"href":"https:\/\/eu.tilta.com\/es\/wp-json\/wp\/v2\/product_tag?post=2233754"}],"curies":[{"name":"wp","href":"https:\/\/api.w.org\/{rel}","templated":true}]}}