{"id":2233767,"date":"2025-03-08T07:34:07","date_gmt":"2025-03-08T06:34:07","guid":{"rendered":"https:\/\/eu.tilta.com\/shop\/cabeza-esferica-de-viaje-tilta-con-patas-de-tripode-de-fibra-de-carbono-de-3-etapas-5kg\/"},"modified":"2025-12-05T14:21:34","modified_gmt":"2025-12-05T13:21:34","slug":"tilta-travel-ball-head-with-3-stage-carbon-fiber-tripod-legs-5kg","status":"publish","type":"product","link":"https:\/\/eu.tilta.com\/es\/shop\/tilta-travel-ball-head-with-3-stage-carbon-fiber-tripod-legs-5kg\/","title":{"rendered":"Cabeza esf\u00e9rica de viaje Tilta con patas de tr\u00edpode de fibra de carbono de 3 etapas (5KG)"},"content":{"rendered":"<p class=\"p1\"><i>Presentamos la R\u00f3tula de bola de viaje Tilta con patas de tr\u00edpode de fibra de carbono de 3 etapas (5KG), un tr\u00edpode vers\u00e1til y resistente dise\u00f1ado para ofrecer precisi\u00f3n y portabilidad.<\/i><\/p>\n<p class=\"p1\">La BT05 viene equipada con un robusto cabezal esf\u00e9rico que soporta hasta 20 kg (44 lb) e incluye una ranura para disparar en vertical a 90\u00b0, lo que permite transiciones fluidas entre las configuraciones horizontal, vertical y por encima de la cabeza.<\/p>\n<p class=\"p1\">La placa de liberaci\u00f3n r\u00e1pida Arca se monta de forma segura en la mayor\u00eda de c\u00e1maras y jaulas de c\u00e1maras mediante un tornillo de 1\/4\u2033-20. Muchas de nuestras jaulas para c\u00e1maras son compatibles de forma nativa y el nuevo dise\u00f1o ampliado hace que el receptor sea compatible con casi todas las placas Arca del mercado.<\/p>\n<p class=\"p1\">Con un elegante dise\u00f1o sin columna central, este tr\u00edpode destaca en espacios reducidos y tomas de \u00e1ngulo bajo. La capacidad de disparo con \u00e1ngulo ultrabajo del tr\u00edpode se ve reforzada por los tres \u00e1ngulos ajustables de las patas, que permiten perspectivas creativas desde varios \u00e1ngulos<\/p>\n<p class=\"p1\">Estas patas de tr\u00edpode, fabricadas con fibra de carbono de 10 capas de diamante entrecruzado de alta resistencia, garantizan una s\u00f3lida estabilidad sin dejar de ser excepcionalmente ligeras.<\/p>\n<p class=\"p1\">Tanto en terrenos accidentados como en superficies lisas, cambia f\u00e1cilmente entre los pies de goma y los clavos met\u00e1licos con un simple giro, para un agarre \u00f3ptimo en cualquier entorno.<\/p>\n<p class=\"p1\">Dise\u00f1ado pensando en la flexibilidad, este tr\u00edpode cuenta con m\u00faltiples puntos de montaje para integrar sin problemas accesorios adicionales como abrazaderas para smartphone, soportes para iPad o brazos articulados mediante m\u00faltiples roscas de 1\/4\u2033-20 con puntos de localizaci\u00f3n.<\/p>\n<p class=\"p1\">Funciones innovadoras, como un sistema semiautom\u00e1tico de ajuste del \u00e1ngulo y una columna desmontable de fibra de carbono, permiten una configuraci\u00f3n r\u00e1pida y \u00e1ngulos de disparo personalizables.<\/p>\n<p class=\"p1\">Con un rango de altura de poco menos de 10 pulgadas hasta una altura m\u00e1xima de 62,99 pulgadas, estas patas ofrecen una flexibilidad extrema a la hora de conseguir el \u00e1ngulo de disparo que desees.<\/p>\n","protected":false},"excerpt":{"rendered":"<p>Presentamos la R\u00f3tula de bola de viaje Tilta con patas de tr\u00edpode de fibra de carbono de 3 etapas (5KG), un tr\u00edpode vers\u00e1til y resistente dise\u00f1ado para ofrecer precisi\u00f3n y portabilidad. La BT05 viene equipada con un robusto cabezal esf\u00e9rico [&hellip;]<\/p>\n","protected":false},"featured_media":2165681,"comment_status":"open","ping_status":"closed","template":"","meta":[],"product_cat":[3904,3912],"product_tag":[],"acf":[],"gallery_images":[2165693,2165705,2165717,2165723,2165843,2165849,2165837],"_links":{"self":[{"href":"https:\/\/eu.tilta.com\/es\/wp-json\/wp\/v2\/product\/2233767"}],"collection":[{"href":"https:\/\/eu.tilta.com\/es\/wp-json\/wp\/v2\/product"}],"about":[{"href":"https:\/\/eu.tilta.com\/es\/wp-json\/wp\/v2\/types\/product"}],"replies":[{"embeddable":true,"href":"https:\/\/eu.tilta.com\/es\/wp-json\/wp\/v2\/comments?post=2233767"}],"wp:featuredmedia":[{"embeddable":true,"href":"https:\/\/eu.tilta.com\/es\/wp-json\/wp\/v2\/media\/2165681"}],"wp:attachment":[{"href":"https:\/\/eu.tilta.com\/es\/wp-json\/wp\/v2\/media?parent=2233767"}],"wp:term":[{"taxonomy":"product_cat","embeddable":true,"href":"https:\/\/eu.tilta.com\/es\/wp-json\/wp\/v2\/product_cat?post=2233767"},{"taxonomy":"product_tag","embeddable":true,"href":"https:\/\/eu.tilta.com\/es\/wp-json\/wp\/v2\/product_tag?post=2233767"}],"curies":[{"name":"wp","href":"https:\/\/api.w.org\/{rel}","templated":true}]}}