{"id":2243856,"date":"2025-04-04T18:00:49","date_gmt":"2025-04-04T16:00:49","guid":{"rendered":"https:\/\/eu.tilta.com\/shop\/kit-definitivo-del-sistema-inalambrico-de-control-del-objetivo-nucleus-m-ii\/"},"modified":"2025-12-05T14:34:15","modified_gmt":"2025-12-05T13:34:15","slug":"nucleus-m-ii-wireless-lens-control-system-ultimate-kit","status":"publish","type":"product","link":"https:\/\/eu.tilta.com\/es\/shop\/nucleus-m-ii-wireless-lens-control-system-ultimate-kit\/","title":{"rendered":"Kit definitivo del sistema inal\u00e1mbrico de control del objetivo Nucleus-M II"},"content":{"rendered":"<p><i>El Sistema de Control Inal\u00e1mbrico del Objetivo Nucleus-M II es el sucesor de vanguardia del <\/i><i>sistema que revolucion\u00f3 el seguimiento de enfoque inal\u00e1mbrico asequible.<\/i><\/p>\n<p>Dise\u00f1ado tanto para cineastas independientes como para producciones profesionales, el Nucleus-M II ofrece funcionalidad de gama alta a un precio asequible, salvando las distancias entre asequibilidad y rendimiento de primera.<\/p>\n<p>Este sistema admite hasta cuatro motores inal\u00e1mbricos simult\u00e1neamente, lo que permite un control remoto completo de los objetivos manuales de cine.<\/p>\n<p>El cuarto motor se puede montar en un Filtro ND Variable para la Mirage Pro Matte Box, lo que permite ajustar la exposici\u00f3n en tiempo real sin tocar nunca la c\u00e1mara. Se trata de una funci\u00f3n esencial para tomas complejas, configuraciones con card\u00e1n, Steadicams o equipos manuales en los que los ajustes f\u00edsicos tradicionales del objetivo no son ideales.<\/p>\n<p>En el coraz\u00f3n del Nucleus-M II se encuentra la Unidad Manual FIZ, un vers\u00e1til controlador que proporciona una precisi\u00f3n milim\u00e9trica al ajustar la configuraci\u00f3n del objetivo y que ahora puede alimentarse m\u00e1s f\u00e1cilmente que nunca mediante pilas NP-F550.<\/p>\n<p>El Volante ahora dispone de tensi\u00f3n ajustable para realizar tirones de enfoque afinados, mapeo del objetivo incorporado para un posicionamiento preciso del motor y una visualizaci\u00f3n clara de la informaci\u00f3n sobre la distancia de enfoque, el iris y el zoom en hasta 4 pantallas diferentes, la m\u00e1s notable de las cuales es el Disco Electr\u00f3nico de Marcado del Enfoque, que muestra la informaci\u00f3n de enfoque desde una posici\u00f3n de funcionamiento normal.<\/p>\n<p>La Unidad Manual FIZ dispone de varias opciones de control inal\u00e1mbrico de la c\u00e1mara que permiten a los usuarios ajustar par\u00e1metros como ISO, Balance de Blancos, Velocidad de Obturaci\u00f3n y mucho m\u00e1s.<\/p>\n<p>Los motores inal\u00e1mbricos recientemente redise\u00f1ados presentan una interfaz de usuario simplificada, indicadores LED codificados por colores y un dise\u00f1o compacto de alto par, lo que los hace perfectos para cardanes, drones y plataformas port\u00e1tiles.<\/p>\n<p>Una de las mayores innovaciones del Nucleus-M II es su capacidad para almacenar y cargar datos de objetivos mapeados. De este modo, el 1erAC puede ajustar r\u00e1pida y f\u00e1cilmente el enfoque a una distancia determinada, el Iris a un T-Stop est\u00e1ndar o el Zoom a una distancia focal exacta.<\/p>\n<p>Los cineastas que se actualicen desde sistemas anteriores encontrar\u00e1n plena compatibilidad con los controladores y motores inal\u00e1mbricos existentes de la serie Nucleus, lo que permite una v\u00eda de actualizaci\u00f3n gradual para los usuarios que no puedan actualizarse por completo de una sola vez.<\/p>\n<p>A medida que crece la demanda de objetivos manuales antiguos y herramientas de filmaci\u00f3n inal\u00e1mbricas, el Nucleus-M II proporciona una soluci\u00f3n accesible y de calidad profesional. Tanto si eres un cineasta independiente, un creador de contenidos o un ayudante de c\u00e1mara profesional, este sistema ofrece una precisi\u00f3n, adaptabilidad y asequibilidad l\u00edderes en el sector.<\/p>\n<p><em><i>Entrega de grandes presupuestos<\/i><\/em><em><i> <\/i><\/em><em><i>caracter\u00edsticas en<\/i><\/em><em><i> <\/i><\/em><em><i>una fracci\u00f3n de<\/i><\/em><em><i> <\/i><\/em><em><i>el coste, el Nucleus-MII redefine lo que es<\/i><\/em><i> <\/i><em><i>posible en seguimiento inal\u00e1mbrico<\/i><\/em><em><i> <\/i><\/em><em><i>tecnolog\u00eda de enfoque.<\/i><\/em><\/p>\n","protected":false},"excerpt":{"rendered":"<p>El Sistema de Control Inal\u00e1mbrico del Objetivo Nucleus-M II es el sucesor de vanguardia del sistema que revolucion\u00f3 el seguimiento de enfoque inal\u00e1mbrico asequible. Dise\u00f1ado tanto para cineastas independientes como para producciones profesionales, el Nucleus-M II ofrece funcionalidad de gama [&hellip;]<\/p>\n","protected":false},"featured_media":2238659,"comment_status":"open","ping_status":"closed","template":"","meta":[],"product_cat":[3919],"product_tag":[],"acf":[],"gallery_images":[3006175,3006181,3006110,3006095,2238674,2238681,3006102,2238688,2238697,2238703,2238709],"_links":{"self":[{"href":"https:\/\/eu.tilta.com\/es\/wp-json\/wp\/v2\/product\/2243856"}],"collection":[{"href":"https:\/\/eu.tilta.com\/es\/wp-json\/wp\/v2\/product"}],"about":[{"href":"https:\/\/eu.tilta.com\/es\/wp-json\/wp\/v2\/types\/product"}],"replies":[{"embeddable":true,"href":"https:\/\/eu.tilta.com\/es\/wp-json\/wp\/v2\/comments?post=2243856"}],"wp:featuredmedia":[{"embeddable":true,"href":"https:\/\/eu.tilta.com\/es\/wp-json\/wp\/v2\/media\/2238659"}],"wp:attachment":[{"href":"https:\/\/eu.tilta.com\/es\/wp-json\/wp\/v2\/media?parent=2243856"}],"wp:term":[{"taxonomy":"product_cat","embeddable":true,"href":"https:\/\/eu.tilta.com\/es\/wp-json\/wp\/v2\/product_cat?post=2243856"},{"taxonomy":"product_tag","embeddable":true,"href":"https:\/\/eu.tilta.com\/es\/wp-json\/wp\/v2\/product_tag?post=2243856"}],"curies":[{"name":"wp","href":"https:\/\/api.w.org\/{rel}","templated":true}]}}