{"id":2441519,"date":"2025-05-28T08:20:53","date_gmt":"2025-05-28T06:20:53","guid":{"rendered":"https:\/\/eu.tilta.com\/shop\/tapa-de-objetivo-para-leica-q3-negro\/"},"modified":"2026-02-16T09:01:29","modified_gmt":"2026-02-16T08:01:29","slug":"lens-cap-for-leica-q3-black","status":"publish","type":"product","link":"https:\/\/eu.tilta.com\/es\/shop\/lens-cap-for-leica-q3-black\/","title":{"rendered":"Tapa de objetivo para Leica Q3 &#8211; Negro"},"content":{"rendered":"<p><em>Presentamos la tapa de objetivo para Leica Q3<\/em><\/p>\n<p>Protege tu Leica Q3 con estilo con nuestra tapa de objetivo premium, donde la artesan\u00eda moderna se une al encanto vintage.<\/p>\n<p>Esta tapa ligera pero duradera est\u00e1 dise\u00f1ada para ajustarse perfectamente y proteger el objetivo de tu c\u00e1mara.<\/p>\n<p>Tanto si llevas la c\u00e1mara en una bolsa como si disparas sobre la marcha, esta tapa de objetivo ofrece una protecci\u00f3n esencial con un gui\u00f1o nost\u00e1lgico a la \u00e9poca dorada de la fotograf\u00eda.<\/p>\n","protected":false},"excerpt":{"rendered":"<p>Presentamos la tapa de objetivo para Leica Q3 Protege tu Leica Q3 con estilo con nuestra tapa de objetivo premium, donde la artesan\u00eda moderna se une al encanto vintage. Esta tapa ligera pero duradera est\u00e1 dise\u00f1ada para ajustarse perfectamente y [&hellip;]<\/p>\n","protected":false},"featured_media":2417093,"comment_status":"open","ping_status":"closed","template":"","meta":[],"product_cat":[4448,3964],"product_tag":[],"acf":[],"gallery_images":[],"_links":{"self":[{"href":"https:\/\/eu.tilta.com\/es\/wp-json\/wp\/v2\/product\/2441519"}],"collection":[{"href":"https:\/\/eu.tilta.com\/es\/wp-json\/wp\/v2\/product"}],"about":[{"href":"https:\/\/eu.tilta.com\/es\/wp-json\/wp\/v2\/types\/product"}],"replies":[{"embeddable":true,"href":"https:\/\/eu.tilta.com\/es\/wp-json\/wp\/v2\/comments?post=2441519"}],"wp:featuredmedia":[{"embeddable":true,"href":"https:\/\/eu.tilta.com\/es\/wp-json\/wp\/v2\/media\/2417093"}],"wp:attachment":[{"href":"https:\/\/eu.tilta.com\/es\/wp-json\/wp\/v2\/media?parent=2441519"}],"wp:term":[{"taxonomy":"product_cat","embeddable":true,"href":"https:\/\/eu.tilta.com\/es\/wp-json\/wp\/v2\/product_cat?post=2441519"},{"taxonomy":"product_tag","embeddable":true,"href":"https:\/\/eu.tilta.com\/es\/wp-json\/wp\/v2\/product_tag?post=2441519"}],"curies":[{"name":"wp","href":"https:\/\/api.w.org\/{rel}","templated":true}]}}