{"id":2441523,"date":"2025-05-28T08:27:37","date_gmt":"2025-05-28T06:27:37","guid":{"rendered":"https:\/\/eu.tilta.com\/shop\/placa-base-de-montaje-con-empunadura-de-madera-para-leica-q3-negro\/"},"modified":"2025-12-05T14:23:24","modified_gmt":"2025-12-05T13:23:24","slug":"mounting-baseplate-with-wooden-grip-for-leica-q3-black","status":"publish","type":"product","link":"https:\/\/eu.tilta.com\/es\/shop\/mounting-baseplate-with-wooden-grip-for-leica-q3-black\/","title":{"rendered":"Placa base de montaje con empu\u00f1adura de madera para Leica Q3 &#8211; Negro"},"content":{"rendered":"<p><em>Presentamos la placa base de montaje con empu\u00f1adura de madera para Leica Q3<\/em><\/p>\n<p>Este accesorio en forma de L incorpora una empu\u00f1adura de madera de nogal, que proporciona una forma m\u00e1s c\u00f3moda de manejar y manipular la c\u00e1mara.<\/p>\n<p>La placa inferior puede alojar f\u00e1cilmente un adaptador de placa de liberaci\u00f3n r\u00e1pida ARCA (no incluido).<\/p>\n<p>Esto permite que el sistema se monte f\u00e1cilmente en cardanes de la serie S del Ronin o en un tr\u00edpode ligero como nuestro tr\u00edpode de cabeza fluida de viaje VT-05.<\/p>\n","protected":false},"excerpt":{"rendered":"<p>Presentamos la placa base de montaje con empu\u00f1adura de madera para Leica Q3 Este accesorio en forma de L incorpora una empu\u00f1adura de madera de nogal, que proporciona una forma m\u00e1s c\u00f3moda de manejar y manipular la c\u00e1mara. La placa [&hellip;]<\/p>\n","protected":false},"featured_media":2417125,"comment_status":"open","ping_status":"closed","template":"","meta":[],"product_cat":[3964],"product_tag":[],"acf":[],"gallery_images":[2417132],"_links":{"self":[{"href":"https:\/\/eu.tilta.com\/es\/wp-json\/wp\/v2\/product\/2441523"}],"collection":[{"href":"https:\/\/eu.tilta.com\/es\/wp-json\/wp\/v2\/product"}],"about":[{"href":"https:\/\/eu.tilta.com\/es\/wp-json\/wp\/v2\/types\/product"}],"replies":[{"embeddable":true,"href":"https:\/\/eu.tilta.com\/es\/wp-json\/wp\/v2\/comments?post=2441523"}],"wp:featuredmedia":[{"embeddable":true,"href":"https:\/\/eu.tilta.com\/es\/wp-json\/wp\/v2\/media\/2417125"}],"wp:attachment":[{"href":"https:\/\/eu.tilta.com\/es\/wp-json\/wp\/v2\/media?parent=2441523"}],"wp:term":[{"taxonomy":"product_cat","embeddable":true,"href":"https:\/\/eu.tilta.com\/es\/wp-json\/wp\/v2\/product_cat?post=2441523"},{"taxonomy":"product_tag","embeddable":true,"href":"https:\/\/eu.tilta.com\/es\/wp-json\/wp\/v2\/product_tag?post=2441523"}],"curies":[{"name":"wp","href":"https:\/\/api.w.org\/{rel}","templated":true}]}}