{"id":2441531,"date":"2025-05-28T07:49:22","date_gmt":"2025-05-28T05:49:22","guid":{"rendered":"https:\/\/eu.tilta.com\/shop\/jaula-vintage-para-kit-base-leica-q3-negra\/"},"modified":"2025-12-05T14:23:27","modified_gmt":"2025-12-05T13:23:27","slug":"vintage-camera-cage-for-leica-q3-base-kit-black","status":"publish","type":"product","link":"https:\/\/eu.tilta.com\/es\/shop\/vintage-camera-cage-for-leica-q3-base-kit-black\/","title":{"rendered":"Jaula Vintage para Kit Base Leica Q3 &#8211; Negra"},"content":{"rendered":"<p><em>Presentamos la Jaula Vintage para Kit Base Leica Q3<\/em><\/p>\n<p>Este Kit incluye algunos accesorios selectos que mejoran la funcionalidad de la Leica Q3 manteniendo el sistema \u00e1gil y port\u00e1til.<\/p>\n<p>La base de este kit es un soporte en L con empu\u00f1adura de cuero, que proporciona una forma m\u00e1s c\u00f3moda de manejar y manipular la c\u00e1mara.<\/p>\n<p>La empu\u00f1adura de pulgar para zapata de accesorios se monta en la zapata de accesorios de la c\u00e1mara y mejora la estabilidad a pulso para conseguir tomas m\u00e1s fluidas.<\/p>\n<p>La tapa del objetivo, ligera pero resistente, est\u00e1 dise\u00f1ada para ajustarse perfectamente y proteger el objetivo de tu c\u00e1mara.<\/p>\n<p>La placa inferior puede alojar f\u00e1cilmente una placa de liberaci\u00f3n r\u00e1pida ARCA (no incluida), que permite montar f\u00e1cilmente el sistema en cardanes Ronin de la serie S o en tr\u00edpodes ligeros, como nuestro tr\u00edpode de cabeza fluida de viaje VT-05.<\/p>\n","protected":false},"excerpt":{"rendered":"<p>Presentamos la Jaula Vintage para Kit Base Leica Q3 Este Kit incluye algunos accesorios selectos que mejoran la funcionalidad de la Leica Q3 manteniendo el sistema \u00e1gil y port\u00e1til. La base de este kit es un soporte en L con [&hellip;]<\/p>\n","protected":false},"featured_media":2416937,"comment_status":"open","ping_status":"closed","template":"","meta":[],"product_cat":[3964],"product_tag":[],"acf":[],"gallery_images":[2416943,2416949,2416775,2416769],"_links":{"self":[{"href":"https:\/\/eu.tilta.com\/es\/wp-json\/wp\/v2\/product\/2441531"}],"collection":[{"href":"https:\/\/eu.tilta.com\/es\/wp-json\/wp\/v2\/product"}],"about":[{"href":"https:\/\/eu.tilta.com\/es\/wp-json\/wp\/v2\/types\/product"}],"replies":[{"embeddable":true,"href":"https:\/\/eu.tilta.com\/es\/wp-json\/wp\/v2\/comments?post=2441531"}],"wp:featuredmedia":[{"embeddable":true,"href":"https:\/\/eu.tilta.com\/es\/wp-json\/wp\/v2\/media\/2416937"}],"wp:attachment":[{"href":"https:\/\/eu.tilta.com\/es\/wp-json\/wp\/v2\/media?parent=2441531"}],"wp:term":[{"taxonomy":"product_cat","embeddable":true,"href":"https:\/\/eu.tilta.com\/es\/wp-json\/wp\/v2\/product_cat?post=2441531"},{"taxonomy":"product_tag","embeddable":true,"href":"https:\/\/eu.tilta.com\/es\/wp-json\/wp\/v2\/product_tag?post=2441531"}],"curies":[{"name":"wp","href":"https:\/\/api.w.org\/{rel}","templated":true}]}}