{"id":2441554,"date":"2025-06-05T10:57:53","date_gmt":"2025-06-05T08:57:53","guid":{"rendered":"https:\/\/eu.tilta.com\/shop\/kit-de-montaje-articulado-magnetico-tilta-gris-titanio\/"},"modified":"2025-12-05T14:23:45","modified_gmt":"2025-12-05T13:23:45","slug":"tilta-magnetic-articulating-mounting-kit-titanium-grey","status":"publish","type":"product","link":"https:\/\/eu.tilta.com\/es\/shop\/tilta-magnetic-articulating-mounting-kit-titanium-grey\/","title":{"rendered":"Kit de montaje articulado magn\u00e9tico Tilta &#8211; Gris titanio"},"content":{"rendered":"<div class=\"overview-text\">\n<p><em>Presentamos el kit de montaje articulado magn\u00e9tico Tilta<\/em><\/p>\n<p>La base de este kit es el brazo articulado, que se puede utilizar para montar magn\u00e9ticamente accesorios compatibles, como smartphones y power banks.<\/p>\n<p>El extremo opuesto presenta varias opciones de montaje, como zapata fr\u00eda, 1\/4\u2033-20 y adhesivo 3M.<\/p>\n<p>Esto permite a los usuarios montar varios dispositivos magn\u00e9ticos en la jaula de la c\u00e1mara, el sistema de soporte y m\u00e1s, para obtener posibilidades de rigging \u00fanicas.<\/p>\n<p>La articulaci\u00f3n multieje ayuda a configurar cualquier accesorio conectado en la posici\u00f3n ideal, lo que puede ser especialmente \u00fatil para conectar un smartphone a una c\u00e1mara para una vigilancia inal\u00e1mbrica.<\/p>\n<p>Este accesorio tambi\u00e9n es una forma ideal de conectar bancos de bater\u00edas a un sistema de c\u00e1mara para alimentar accesorios como nuestro <a href=\"https:\/\/eu.tilta.com\/shop\/nucleus-nano-ii-wireless-lens-control-system\/\">Motor de seguimiento de enfoque inal\u00e1mbrico Nucleus Nano II<\/a>.<\/p>\n<\/div>\n","protected":false},"excerpt":{"rendered":"<p>Presentamos el kit de montaje articulado magn\u00e9tico Tilta La base de este kit es el brazo articulado, que se puede utilizar para montar magn\u00e9ticamente accesorios compatibles, como smartphones y power banks. El extremo opuesto presenta varias opciones de montaje, como [&hellip;]<\/p>\n","protected":false},"featured_media":2440872,"comment_status":"open","ping_status":"closed","template":"","meta":[],"product_cat":[3002],"product_tag":[],"acf":[],"gallery_images":[2440839,2440852,2440845,2440866,2440858],"_links":{"self":[{"href":"https:\/\/eu.tilta.com\/es\/wp-json\/wp\/v2\/product\/2441554"}],"collection":[{"href":"https:\/\/eu.tilta.com\/es\/wp-json\/wp\/v2\/product"}],"about":[{"href":"https:\/\/eu.tilta.com\/es\/wp-json\/wp\/v2\/types\/product"}],"replies":[{"embeddable":true,"href":"https:\/\/eu.tilta.com\/es\/wp-json\/wp\/v2\/comments?post=2441554"}],"wp:featuredmedia":[{"embeddable":true,"href":"https:\/\/eu.tilta.com\/es\/wp-json\/wp\/v2\/media\/2440872"}],"wp:attachment":[{"href":"https:\/\/eu.tilta.com\/es\/wp-json\/wp\/v2\/media?parent=2441554"}],"wp:term":[{"taxonomy":"product_cat","embeddable":true,"href":"https:\/\/eu.tilta.com\/es\/wp-json\/wp\/v2\/product_cat?post=2441554"},{"taxonomy":"product_tag","embeddable":true,"href":"https:\/\/eu.tilta.com\/es\/wp-json\/wp\/v2\/product_tag?post=2441554"}],"curies":[{"name":"wp","href":"https:\/\/api.w.org\/{rel}","templated":true}]}}