{"id":2441591,"date":"2025-05-13T09:04:25","date_gmt":"2025-05-13T07:04:25","guid":{"rendered":"https:\/\/eu.tilta.com\/shop\/chaqueta-de-exterior-impermeable-tilta-fe\/"},"modified":"2026-04-15T03:57:22","modified_gmt":"2026-04-15T01:57:22","slug":"tilta-fe-weatherproof-outdoor-jacket","status":"publish","type":"product","link":"https:\/\/eu.tilta.com\/es\/shop\/tilta-fe-weatherproof-outdoor-jacket\/","title":{"rendered":"Chaqueta de exterior impermeable Tilta Fe"},"content":{"rendered":"<p><em>Presentamos la Chaqueta de Exterior Resistente a la Intemperie Tilta Fe, dise\u00f1ada para ofrecer la m\u00e1xima funcionalidad y comodidad al aire libre.  <\/em><\/p>\n<p>Esta chaqueta de alto rendimiento incorpora cremalleras impermeables en las axilas con ventilaci\u00f3n ajustable, que te permiten mantenerte fresco y seco durante una amplia gama de actividades.<\/p>\n<p>El dise\u00f1o adaptable de la capucha de tres puntos proporciona una protecci\u00f3n fiable en todas las condiciones meteorol\u00f3gicas, mientras que el ajuste de la capucha garantiza un ajuste seguro cuando sea necesario.<\/p>\n<p>Las mangas extendidas con pu\u00f1os de velcro bloquean eficazmente el viento y la nieve, ofreciendo una defensa extra cuando el tiempo se vuelve duro.<\/p>\n<p>Una cremallera frontal bidireccional proporciona opciones adicionales y una mayor movilidad, mientras que un bolsillo oculto con cremallera a\u00f1ade una opci\u00f3n de almacenamiento \u00fanica para tus objetos esenciales.<\/p>\n<p>Tanto si practicas senderismo, snowboard o filmaciones, la chaqueta Tilta Fe combina una protecci\u00f3n robusta con un dise\u00f1o cuidado para lo que los elementos te deparen.<\/p>\n","protected":false},"excerpt":{"rendered":"<p>Presentamos la Chaqueta de Exterior Resistente a la Intemperie Tilta Fe, dise\u00f1ada para ofrecer la m\u00e1xima funcionalidad y comodidad al aire libre. Esta chaqueta de alto rendimiento incorpora cremalleras impermeables en las axilas con ventilaci\u00f3n ajustable, que te permiten mantenerte [&hellip;]<\/p>\n","protected":false},"featured_media":2371655,"comment_status":"open","ping_status":"closed","template":"","meta":[],"product_cat":[4493,2966],"product_tag":[],"acf":[],"gallery_images":[2371673],"_links":{"self":[{"href":"https:\/\/eu.tilta.com\/es\/wp-json\/wp\/v2\/product\/2441591"}],"collection":[{"href":"https:\/\/eu.tilta.com\/es\/wp-json\/wp\/v2\/product"}],"about":[{"href":"https:\/\/eu.tilta.com\/es\/wp-json\/wp\/v2\/types\/product"}],"replies":[{"embeddable":true,"href":"https:\/\/eu.tilta.com\/es\/wp-json\/wp\/v2\/comments?post=2441591"}],"wp:featuredmedia":[{"embeddable":true,"href":"https:\/\/eu.tilta.com\/es\/wp-json\/wp\/v2\/media\/2371655"}],"wp:attachment":[{"href":"https:\/\/eu.tilta.com\/es\/wp-json\/wp\/v2\/media?parent=2441591"}],"wp:term":[{"taxonomy":"product_cat","embeddable":true,"href":"https:\/\/eu.tilta.com\/es\/wp-json\/wp\/v2\/product_cat?post=2441591"},{"taxonomy":"product_tag","embeddable":true,"href":"https:\/\/eu.tilta.com\/es\/wp-json\/wp\/v2\/product_tag?post=2441591"}],"curies":[{"name":"wp","href":"https:\/\/api.w.org\/{rel}","templated":true}]}}