{"id":2441595,"date":"2025-05-23T09:50:41","date_gmt":"2025-05-23T07:50:41","guid":{"rendered":"https:\/\/eu.tilta.com\/shop\/kit-de-correa-y-hebilla-para-el-hombro-tilta-fe\/"},"modified":"2026-04-15T03:57:22","modified_gmt":"2026-04-15T01:57:22","slug":"tilta-fe-shoulder-strap-and-buckle-kit","status":"publish","type":"product","link":"https:\/\/eu.tilta.com\/es\/shop\/tilta-fe-shoulder-strap-and-buckle-kit\/","title":{"rendered":"Kit de correa y hebilla para el hombro Tilta Fe"},"content":{"rendered":"<p><em>Presentamos el kit de correa y hebilla para el hombro Tilta Fe<\/em><\/p>\n<p>Esta correa para el hombro est\u00e1 fabricada con cinta de poli\u00e9ster de alto rendimiento de mayor grosor para una mayor durabilidad.<\/p>\n<p>Incorpora un sistema profesional de cierre de doble cord\u00f3n UTX Duraflex para mejorar la seguridad, y los mosquetones t\u00e1cticos UTX Duraflex permiten conectar esta correa a una gran variedad de c\u00e1maras, accesorios y mucho m\u00e1s.<\/p>\n<p>Una hebilla intuitiva hace que ajustar la longitud sea f\u00e1cil y r\u00e1pido para diversas configuraciones, y los avanzados cierres r\u00e1pidos magn\u00e9ticos utilizan la tecnolog\u00eda de liberaci\u00f3n r\u00e1pida Fidlock HOOK para una flexibilidad extrema.<\/p>\n<p>El sistema de hebilla amortiguada garantiza una rotaci\u00f3n suave y sin fisuras, para que puedas ajustar el tel\u00e9fono sin esfuerzo mientras lo usas. Dise\u00f1ado para ser utilizado con tel\u00e9fonos inteligentes, este kit requiere una funda de tel\u00e9fono inteligente para una fijaci\u00f3n segura.<\/p>\n<p>Su dise\u00f1o de primera calidad combina a la perfecci\u00f3n con la Funda para tel\u00e9fono y el Ecosistema Khronos, por lo que es un complemento ideal para tu configuraci\u00f3n de producci\u00f3n m\u00f3vil.<\/p>\n","protected":false},"excerpt":{"rendered":"<p>Presentamos el kit de correa y hebilla para el hombro Tilta Fe Esta correa para el hombro est\u00e1 fabricada con cinta de poli\u00e9ster de alto rendimiento de mayor grosor para una mayor durabilidad. Incorpora un sistema profesional de cierre de [&hellip;]<\/p>\n","protected":false},"featured_media":2401205,"comment_status":"open","ping_status":"closed","template":"","meta":[],"product_cat":[4493,2966],"product_tag":[],"acf":[],"gallery_images":[2401025,2401075,2401056,2401171,2401134,2401177],"_links":{"self":[{"href":"https:\/\/eu.tilta.com\/es\/wp-json\/wp\/v2\/product\/2441595"}],"collection":[{"href":"https:\/\/eu.tilta.com\/es\/wp-json\/wp\/v2\/product"}],"about":[{"href":"https:\/\/eu.tilta.com\/es\/wp-json\/wp\/v2\/types\/product"}],"replies":[{"embeddable":true,"href":"https:\/\/eu.tilta.com\/es\/wp-json\/wp\/v2\/comments?post=2441595"}],"wp:featuredmedia":[{"embeddable":true,"href":"https:\/\/eu.tilta.com\/es\/wp-json\/wp\/v2\/media\/2401205"}],"wp:attachment":[{"href":"https:\/\/eu.tilta.com\/es\/wp-json\/wp\/v2\/media?parent=2441595"}],"wp:term":[{"taxonomy":"product_cat","embeddable":true,"href":"https:\/\/eu.tilta.com\/es\/wp-json\/wp\/v2\/product_cat?post=2441595"},{"taxonomy":"product_tag","embeddable":true,"href":"https:\/\/eu.tilta.com\/es\/wp-json\/wp\/v2\/product_tag?post=2441595"}],"curies":[{"name":"wp","href":"https:\/\/api.w.org\/{rel}","templated":true}]}}