{"id":2441632,"date":"2025-05-28T08:10:03","date_gmt":"2025-05-28T06:10:03","guid":{"rendered":"https:\/\/eu.tilta.com\/shop\/placa-base-de-montaje-con-empunadura-de-cuero-para-leica-q3-negro\/"},"modified":"2025-12-05T14:24:45","modified_gmt":"2025-12-05T13:24:45","slug":"mounting-baseplate-with-leather-grip-for-leica-q3-black","status":"publish","type":"product","link":"https:\/\/eu.tilta.com\/es\/shop\/mounting-baseplate-with-leather-grip-for-leica-q3-black\/","title":{"rendered":"Placa base de montaje con empu\u00f1adura de cuero para Leica Q3 &#8211; Negro"},"content":{"rendered":"<p><em>Presentamos la placa base de montaje con empu\u00f1adura de cuero para la Leica Q3<\/em><\/p>\n<p>Este accesorio en forma de L incorpora una empu\u00f1adura de cuero, que proporciona una forma m\u00e1s c\u00f3moda de manejar y manipular la c\u00e1mara.<\/p>\n<p>La placa inferior puede alojar f\u00e1cilmente un adaptador de placa de liberaci\u00f3n r\u00e1pida ARCA (no incluido).<\/p>\n<p>Esto permite que el sistema se monte f\u00e1cilmente en cardanes de la serie S del Ronin o en un tr\u00edpode ligero como nuestro tr\u00edpode de cabeza fluida de viaje VT-05.<\/p>\n","protected":false},"excerpt":{"rendered":"<p>Presentamos la placa base de montaje con empu\u00f1adura de cuero para la Leica Q3 Este accesorio en forma de L incorpora una empu\u00f1adura de cuero, que proporciona una forma m\u00e1s c\u00f3moda de manejar y manipular la c\u00e1mara. La placa inferior [&hellip;]<\/p>\n","protected":false},"featured_media":2417017,"comment_status":"open","ping_status":"closed","template":"","meta":[],"product_cat":[3964],"product_tag":[],"acf":[],"gallery_images":[2417007],"_links":{"self":[{"href":"https:\/\/eu.tilta.com\/es\/wp-json\/wp\/v2\/product\/2441632"}],"collection":[{"href":"https:\/\/eu.tilta.com\/es\/wp-json\/wp\/v2\/product"}],"about":[{"href":"https:\/\/eu.tilta.com\/es\/wp-json\/wp\/v2\/types\/product"}],"replies":[{"embeddable":true,"href":"https:\/\/eu.tilta.com\/es\/wp-json\/wp\/v2\/comments?post=2441632"}],"wp:featuredmedia":[{"embeddable":true,"href":"https:\/\/eu.tilta.com\/es\/wp-json\/wp\/v2\/media\/2417017"}],"wp:attachment":[{"href":"https:\/\/eu.tilta.com\/es\/wp-json\/wp\/v2\/media?parent=2441632"}],"wp:term":[{"taxonomy":"product_cat","embeddable":true,"href":"https:\/\/eu.tilta.com\/es\/wp-json\/wp\/v2\/product_cat?post=2441632"},{"taxonomy":"product_tag","embeddable":true,"href":"https:\/\/eu.tilta.com\/es\/wp-json\/wp\/v2\/product_tag?post=2441632"}],"curies":[{"name":"wp","href":"https:\/\/api.w.org\/{rel}","templated":true}]}}