{"id":2441638,"date":"2025-06-05T11:30:51","date_gmt":"2025-06-05T09:30:51","guid":{"rendered":"https:\/\/eu.tilta.com\/shop\/cabeza-fluida-de-video-de-viaje-tilta-con-base-plana-5kg\/"},"modified":"2025-12-05T14:25:15","modified_gmt":"2025-12-05T13:25:15","slug":"tilta-travel-video-fluid-head-with-flat-base-5kg","status":"publish","type":"product","link":"https:\/\/eu.tilta.com\/es\/shop\/tilta-travel-video-fluid-head-with-flat-base-5kg\/","title":{"rendered":"Cabeza fluida de v\u00eddeo de viaje Tilta con base plana (5KG)"},"content":{"rendered":"<div class=\"overview-text\">\n<p><em>Presentamos la Cabeza Fluida de V\u00eddeo de Viaje con Base Plana (5KG)<\/em><\/p>\n<p>Este cabezal fluido, dise\u00f1ado con precisi\u00f3n, soporta hasta 5 kg, y proporciona movimientos suaves y precisos para una grabaci\u00f3n de calidad profesional.<\/p>\n<p>El receptor ARCA y la placa de liberaci\u00f3n r\u00e1pida incluida hacen que la Cabeza de Fluido sea compatible con la mayor\u00eda de los sistemas de c\u00e1maras o jaulas.<\/p>\n<p>Compacta y port\u00e1til, cabe sin esfuerzo en tu maleta o bolsa de la c\u00e1mara, lista para cualquier rodaje en exteriores.<\/p>\n<p>Respaldado por los a\u00f1os de experiencia de Tilta en la fabricaci\u00f3n de accesorios de imagen de primer nivel, este sistema establece un nuevo est\u00e1ndar en estabilidad, versatilidad y facilidad de uso.<\/p>\n<p>Este cabezal de v\u00eddeo es ideal para vide\u00f3grafos y cineastas que buscan un rendimiento superior en un formato ligero.<\/p>\n<\/div>\n","protected":false},"excerpt":{"rendered":"<p>Presentamos la Cabeza Fluida de V\u00eddeo de Viaje con Base Plana (5KG) Este cabezal fluido, dise\u00f1ado con precisi\u00f3n, soporta hasta 5 kg, y proporciona movimientos suaves y precisos para una grabaci\u00f3n de calidad profesional. El receptor ARCA y la placa [&hellip;]<\/p>\n","protected":false},"featured_media":2441093,"comment_status":"open","ping_status":"closed","template":"","meta":[],"product_cat":[3912],"product_tag":[],"acf":[],"gallery_images":[2441123,2441107,2441137,2441149,2441155,2441168,2441161,2441174],"_links":{"self":[{"href":"https:\/\/eu.tilta.com\/es\/wp-json\/wp\/v2\/product\/2441638"}],"collection":[{"href":"https:\/\/eu.tilta.com\/es\/wp-json\/wp\/v2\/product"}],"about":[{"href":"https:\/\/eu.tilta.com\/es\/wp-json\/wp\/v2\/types\/product"}],"replies":[{"embeddable":true,"href":"https:\/\/eu.tilta.com\/es\/wp-json\/wp\/v2\/comments?post=2441638"}],"wp:featuredmedia":[{"embeddable":true,"href":"https:\/\/eu.tilta.com\/es\/wp-json\/wp\/v2\/media\/2441093"}],"wp:attachment":[{"href":"https:\/\/eu.tilta.com\/es\/wp-json\/wp\/v2\/media?parent=2441638"}],"wp:term":[{"taxonomy":"product_cat","embeddable":true,"href":"https:\/\/eu.tilta.com\/es\/wp-json\/wp\/v2\/product_cat?post=2441638"},{"taxonomy":"product_tag","embeddable":true,"href":"https:\/\/eu.tilta.com\/es\/wp-json\/wp\/v2\/product_tag?post=2441638"}],"curies":[{"name":"wp","href":"https:\/\/api.w.org\/{rel}","templated":true}]}}