{"id":2441640,"date":"2025-05-28T08:32:47","date_gmt":"2025-05-28T06:32:47","guid":{"rendered":"https:\/\/eu.tilta.com\/shop\/placa-de-proteccion-superior-con-soporte-para-el-pulgar-para-leica-q3-negro\/"},"modified":"2026-02-16T09:01:30","modified_gmt":"2026-02-16T08:01:30","slug":"top-protection-plate-with-thumb-bracket-for-leica-q3-black","status":"publish","type":"product","link":"https:\/\/eu.tilta.com\/es\/shop\/top-protection-plate-with-thumb-bracket-for-leica-q3-black\/","title":{"rendered":"Placa de protecci\u00f3n superior con soporte para el pulgar para Leica Q3 &#8211; Negro"},"content":{"rendered":"<p><em>Presentamos la Placa de Protecci\u00f3n Superior con Soporte para el Pulgar para la Leica Q3  <\/em><\/p>\n<p>La Placa de Protecci\u00f3n se monta en la parte superior del cuerpo de la c\u00e1mara Leica Q3 para proporcionar una protecci\u00f3n ligera y robusta a la c\u00e1mara.<\/p>\n<p>Este accesorio es especialmente \u00fatil cuando viajas o cuando utilizas la c\u00e1mara en condiciones m\u00e1s extremas.<\/p>\n<p>La empu\u00f1adura para el pulgar se monta en el receptor de la zapata de la c\u00e1mara para que el operador pueda colocar el pulgar en una posici\u00f3n c\u00f3moda y compacta.<\/p>\n<p>Esto ayuda a mejorar la estabilidad de la mano, lo que puede dar lugar a disparos m\u00e1s suaves y a una experiencia de manejo m\u00e1s c\u00f3moda en general.<\/p>\n","protected":false},"excerpt":{"rendered":"<p>Presentamos la Placa de Protecci\u00f3n Superior con Soporte para el Pulgar para la Leica Q3 La Placa de Protecci\u00f3n se monta en la parte superior del cuerpo de la c\u00e1mara Leica Q3 para proporcionar una protecci\u00f3n ligera y robusta a [&hellip;]<\/p>\n","protected":false},"featured_media":2417180,"comment_status":"open","ping_status":"closed","template":"","meta":[],"product_cat":[3964],"product_tag":[],"acf":[],"gallery_images":[2417174],"_links":{"self":[{"href":"https:\/\/eu.tilta.com\/es\/wp-json\/wp\/v2\/product\/2441640"}],"collection":[{"href":"https:\/\/eu.tilta.com\/es\/wp-json\/wp\/v2\/product"}],"about":[{"href":"https:\/\/eu.tilta.com\/es\/wp-json\/wp\/v2\/types\/product"}],"replies":[{"embeddable":true,"href":"https:\/\/eu.tilta.com\/es\/wp-json\/wp\/v2\/comments?post=2441640"}],"wp:featuredmedia":[{"embeddable":true,"href":"https:\/\/eu.tilta.com\/es\/wp-json\/wp\/v2\/media\/2417180"}],"wp:attachment":[{"href":"https:\/\/eu.tilta.com\/es\/wp-json\/wp\/v2\/media?parent=2441640"}],"wp:term":[{"taxonomy":"product_cat","embeddable":true,"href":"https:\/\/eu.tilta.com\/es\/wp-json\/wp\/v2\/product_cat?post=2441640"},{"taxonomy":"product_tag","embeddable":true,"href":"https:\/\/eu.tilta.com\/es\/wp-json\/wp\/v2\/product_tag?post=2441640"}],"curies":[{"name":"wp","href":"https:\/\/api.w.org\/{rel}","templated":true}]}}