{"id":2441651,"date":"2025-05-07T04:55:57","date_gmt":"2025-05-07T02:55:57","guid":{"rendered":"https:\/\/eu.tilta.com\/shop\/jaula-de-camara-para-kit-base-panasonic-s1r-ii-negro\/"},"modified":"2025-12-05T14:24:52","modified_gmt":"2025-12-05T13:24:52","slug":"camera-cage-for-panasonic-s1r-ii-base-kit-black","status":"publish","type":"product","link":"https:\/\/eu.tilta.com\/es\/shop\/camera-cage-for-panasonic-s1r-ii-base-kit-black\/","title":{"rendered":"Jaula de c\u00e1mara para kit base Panasonic S1R II &#8211; Negro"},"content":{"rendered":"<p><em>Presentamos el Kit de Base de Jaula de C\u00e1mara Completa para la Panasonic S1R II.<\/em><\/p>\n<p>La base de este kit es la Jaula para C\u00e1mara Completa, que proporciona protecci\u00f3n y ampl\u00eda las opciones de montaje de la S1R II, la Lumix S5 II, la S5 IIX y la G9 II.<\/p>\n<p>Esta jaula para c\u00e1mara dispone de soportes para correa de mu\u00f1eca, roscas de 1\/4\u2033-20 con puntos de fijaci\u00f3n y un adaptador de rosca de 3\/8\u2033-16 a 1\/4\u2033-20.<\/p>\n<p>Incorpora una placa inferior ARCA que permite a los usuarios montar f\u00e1cilmente el sistema en varios tr\u00edpodes, sistemas de soporte y cardanes DJI Ronin como el RS4 Pro. Los puntos de montaje del brazo lateral permiten montar f\u00e1cilmente una placa de liberaci\u00f3n r\u00e1pida ARCA (no incluida), que facilita las transiciones r\u00e1pidas a configuraciones verticales.<\/p>\n<p>La abrazadera para cables HDMI y USB-C incluida garantiza que ambos cables permanecer\u00e1n seguros cuando se conecten al cuerpo de la c\u00e1mara. Los tres puntos de contacto entre la c\u00e1mara y la jaula garantizan una conexi\u00f3n s\u00f3lida con el cuerpo de la c\u00e1mara y una base firme para montar accesorios adicionales.<\/p>\n<p>La placa base LWS de 15 mm ajustable en altura Arca permite a los usuarios ajustar la altura de su c\u00e1mara en relaci\u00f3n con las varillas de 15 mm incluidas. Esto significa que los usuarios pueden mantener el est\u00e1ndar LWS 85 mm para garantizar la compatibilidad con diversos accesorios y cuerpos de c\u00e1mara.<\/p>\n<p>El asa superior de 1\/4-20\u2033 incluida ampl\u00eda las opciones de manejo, especialmente \u00fatil para disparos desde \u00e1ngulos bajos. Esta empu\u00f1adura tambi\u00e9n cuenta con opciones de montaje adicionales, como roscas de 1\/4\u2033-20 y un receptor de zapata fr\u00eda, perfecto para un monitor externo.<\/p>\n","protected":false},"excerpt":{"rendered":"<p>Presentamos el Kit de Base de Jaula de C\u00e1mara Completa para la Panasonic S1R II. La base de este kit es la Jaula para C\u00e1mara Completa, que proporciona protecci\u00f3n y ampl\u00eda las opciones de montaje de la S1R II, la [&hellip;]<\/p>\n","protected":false},"featured_media":2355690,"comment_status":"open","ping_status":"closed","template":"","meta":[],"product_cat":[4003],"product_tag":[],"acf":[],"gallery_images":[2355697,2355703,2355709,2355721,2355715],"_links":{"self":[{"href":"https:\/\/eu.tilta.com\/es\/wp-json\/wp\/v2\/product\/2441651"}],"collection":[{"href":"https:\/\/eu.tilta.com\/es\/wp-json\/wp\/v2\/product"}],"about":[{"href":"https:\/\/eu.tilta.com\/es\/wp-json\/wp\/v2\/types\/product"}],"replies":[{"embeddable":true,"href":"https:\/\/eu.tilta.com\/es\/wp-json\/wp\/v2\/comments?post=2441651"}],"wp:featuredmedia":[{"embeddable":true,"href":"https:\/\/eu.tilta.com\/es\/wp-json\/wp\/v2\/media\/2355690"}],"wp:attachment":[{"href":"https:\/\/eu.tilta.com\/es\/wp-json\/wp\/v2\/media?parent=2441651"}],"wp:term":[{"taxonomy":"product_cat","embeddable":true,"href":"https:\/\/eu.tilta.com\/es\/wp-json\/wp\/v2\/product_cat?post=2441651"},{"taxonomy":"product_tag","embeddable":true,"href":"https:\/\/eu.tilta.com\/es\/wp-json\/wp\/v2\/product_tag?post=2441651"}],"curies":[{"name":"wp","href":"https:\/\/api.w.org\/{rel}","templated":true}]}}