{"id":2441673,"date":"2025-05-07T05:01:48","date_gmt":"2025-05-07T03:01:48","guid":{"rendered":"https:\/\/eu.tilta.com\/shop\/jaula-completa-para-panasonic-s1r-ii-negra\/"},"modified":"2025-12-05T14:25:21","modified_gmt":"2025-12-05T13:25:21","slug":"full-camera-cage-for-panasonic-s1r-ii-black","status":"publish","type":"product","link":"https:\/\/eu.tilta.com\/es\/shop\/full-camera-cage-for-panasonic-s1r-ii-black\/","title":{"rendered":"Jaula completa para Panasonic S1R II &#8211; Negra"},"content":{"rendered":"<p><em>Presentamos la Jaula de C\u00e1mara Completa para la Panasonic S1R II.<\/em><\/p>\n<p>Esta Jaula para C\u00e1mara Completa proporciona protecci\u00f3n y ampl\u00eda las opciones de montaje de la S1R II, la Lumix S5 II, la S5 IIX y la G9 II.<\/p>\n<p>Esta jaula para c\u00e1mara dispone de soportes para correa de mu\u00f1eca, roscas de 1\/4\u2033-20 con puntos de fijaci\u00f3n y un adaptador de rosca de 3\/8\u2033-16 a 1\/4\u2033-20.<\/p>\n<p>Incorpora una placa inferior ARCA que permite a los usuarios montar f\u00e1cilmente el sistema en varios tr\u00edpodes, sistemas de soporte y cardanes DJI Ronin como el RS4 Pro.<\/p>\n<p>Los puntos de montaje del brazo lateral permiten montar f\u00e1cilmente una placa de liberaci\u00f3n r\u00e1pida ARCA (no incluida), que facilita las transiciones r\u00e1pidas a configuraciones verticales.<\/p>\n<p>La abrazadera para cables HDMI y USB-C incluida garantiza que ambos cables permanecer\u00e1n seguros cuando se conecten al cuerpo de la c\u00e1mara.<\/p>\n<p>Los tres puntos de contacto entre la c\u00e1mara y la jaula garantizan una conexi\u00f3n s\u00f3lida con el cuerpo de la c\u00e1mara y una base firme para montar accesorios adicionales.<\/p>\n","protected":false},"excerpt":{"rendered":"<p>Presentamos la Jaula de C\u00e1mara Completa para la Panasonic S1R II. Esta Jaula para C\u00e1mara Completa proporciona protecci\u00f3n y ampl\u00eda las opciones de montaje de la S1R II, la Lumix S5 II, la S5 IIX y la G9 II. Esta [&hellip;]<\/p>\n","protected":false},"featured_media":2355782,"comment_status":"open","ping_status":"closed","template":"","meta":[],"product_cat":[4003],"product_tag":[],"acf":[],"gallery_images":[2355788,2355794,2355709,2355721,2355715],"_links":{"self":[{"href":"https:\/\/eu.tilta.com\/es\/wp-json\/wp\/v2\/product\/2441673"}],"collection":[{"href":"https:\/\/eu.tilta.com\/es\/wp-json\/wp\/v2\/product"}],"about":[{"href":"https:\/\/eu.tilta.com\/es\/wp-json\/wp\/v2\/types\/product"}],"replies":[{"embeddable":true,"href":"https:\/\/eu.tilta.com\/es\/wp-json\/wp\/v2\/comments?post=2441673"}],"wp:featuredmedia":[{"embeddable":true,"href":"https:\/\/eu.tilta.com\/es\/wp-json\/wp\/v2\/media\/2355782"}],"wp:attachment":[{"href":"https:\/\/eu.tilta.com\/es\/wp-json\/wp\/v2\/media?parent=2441673"}],"wp:term":[{"taxonomy":"product_cat","embeddable":true,"href":"https:\/\/eu.tilta.com\/es\/wp-json\/wp\/v2\/product_cat?post=2441673"},{"taxonomy":"product_tag","embeddable":true,"href":"https:\/\/eu.tilta.com\/es\/wp-json\/wp\/v2\/product_tag?post=2441673"}],"curies":[{"name":"wp","href":"https:\/\/api.w.org\/{rel}","templated":true}]}}