{"id":2441705,"date":"2025-05-13T05:50:58","date_gmt":"2025-05-13T03:50:58","guid":{"rendered":"https:\/\/eu.tilta.com\/shop\/rinonera-fe\/"},"modified":"2026-04-17T10:00:20","modified_gmt":"2026-04-17T08:00:20","slug":"fe-waist-pouch","status":"publish","type":"product","link":"https:\/\/eu.tilta.com\/es\/shop\/fe-waist-pouch\/","title":{"rendered":"Ri\u00f1onera Fe"},"content":{"rendered":"<p><em>Presentamos la Ri\u00f1onera Fe, una elegante ri\u00f1onera de inspiraci\u00f3n t\u00e1ctica dise\u00f1ada para llevarla a diario.<\/em><\/p>\n<p>Dise\u00f1ado para ser adaptable, su sistema de montaje m\u00faltiple trasero te permite personalizar c\u00f3mo y d\u00f3nde lo llevas, por ejemplo, alrededor de la cintura, cruzado sobre el pecho o enganchado a tu equipo.<\/p>\n<p>Equipada con cremalleras YKK\u00ae de primera calidad con revestimiento impermeable, tus objetos esenciales permanecer\u00e1n protegidos en condiciones meteorol\u00f3gicas impredecibles.<\/p>\n<p>Un bolsillo trasero oculto con cremallera ofrece un almacenamiento discreto y seguro para objetos de valor como smartphones o pasaportes.<\/p>\n<p>Para mayor comodidad modular, las hebillas DURAFLEX\u00ae permiten configuraciones desmontables, mientras que la hebilla magn\u00e9tica de liberaci\u00f3n r\u00e1pida FIDLOCK\u00ae de la correa del hombro permite un acceso r\u00e1pido con una sola mano cuando necesites quitarte r\u00e1pidamente la mochila.<\/p>\n<p>Ideal para cineastas en movimiento, la Ri\u00f1onera Fe ofrece una soluci\u00f3n compacta y segura para transportar herramientas esenciales como la Funda Khronos iPhone 16 y diversos accesorios.<\/p>\n","protected":false},"excerpt":{"rendered":"<p>Presentamos la Ri\u00f1onera Fe, una elegante ri\u00f1onera de inspiraci\u00f3n t\u00e1ctica dise\u00f1ada para llevarla a diario. Dise\u00f1ado para ser adaptable, su sistema de montaje m\u00faltiple trasero te permite personalizar c\u00f3mo y d\u00f3nde lo llevas, por ejemplo, alrededor de la cintura, cruzado [&hellip;]<\/p>\n","protected":false},"featured_media":2371279,"comment_status":"open","ping_status":"closed","template":"","meta":[],"product_cat":[2966],"product_tag":[],"acf":[],"gallery_images":[2371297,2371315],"_links":{"self":[{"href":"https:\/\/eu.tilta.com\/es\/wp-json\/wp\/v2\/product\/2441705"}],"collection":[{"href":"https:\/\/eu.tilta.com\/es\/wp-json\/wp\/v2\/product"}],"about":[{"href":"https:\/\/eu.tilta.com\/es\/wp-json\/wp\/v2\/types\/product"}],"replies":[{"embeddable":true,"href":"https:\/\/eu.tilta.com\/es\/wp-json\/wp\/v2\/comments?post=2441705"}],"wp:featuredmedia":[{"embeddable":true,"href":"https:\/\/eu.tilta.com\/es\/wp-json\/wp\/v2\/media\/2371279"}],"wp:attachment":[{"href":"https:\/\/eu.tilta.com\/es\/wp-json\/wp\/v2\/media?parent=2441705"}],"wp:term":[{"taxonomy":"product_cat","embeddable":true,"href":"https:\/\/eu.tilta.com\/es\/wp-json\/wp\/v2\/product_cat?post=2441705"},{"taxonomy":"product_tag","embeddable":true,"href":"https:\/\/eu.tilta.com\/es\/wp-json\/wp\/v2\/product_tag?post=2441705"}],"curies":[{"name":"wp","href":"https:\/\/api.w.org\/{rel}","templated":true}]}}