{"id":2441707,"date":"2025-05-19T03:23:56","date_gmt":"2025-05-19T01:23:56","guid":{"rendered":"https:\/\/eu.tilta.com\/shop\/modulo-de-control-inalambrico-para-ventosa-electronica-hydra\/"},"modified":"2025-12-07T02:37:36","modified_gmt":"2025-12-07T01:37:36","slug":"wireless-monitoring-module-for-hydra-electronic-suction-cup","status":"publish","type":"product","link":"https:\/\/eu.tilta.com\/es\/shop\/wireless-monitoring-module-for-hydra-electronic-suction-cup\/","title":{"rendered":"M\u00f3dulo de control inal\u00e1mbrico para ventosa electr\u00f3nica Hydra"},"content":{"rendered":"<p class=\"ds-markdown-paragraph\">Presentamos el M\u00f3dulo de Supervisi\u00f3n Inal\u00e1mbrico para Ventosa Electr\u00f3nica Hydra, un accesorio esencial para la supervisi\u00f3n en tiempo real de tus ventosas electr\u00f3nicas.<\/p>\n<p class=\"ds-markdown-paragraph\">Dise\u00f1ado para funcionar perfectamente con la Ventosa Electr\u00f3nica Tilta de 4,5&#8243; y otras versiones futuras, este m\u00f3dulo muestra la presi\u00f3n de succi\u00f3n (KPA) y los niveles de bater\u00eda de cualquier ventosa conectada inal\u00e1mbricamente.<\/p>\n<p class=\"ds-markdown-paragraph\">Una alarma sonora y visual avisa a los usuarios en el momento en que se detecta una p\u00e9rdida de succi\u00f3n, lo que te da tranquilidad durante las tomas cr\u00edticas y te alerta de un problema en el instante en que se produce.<\/p>\n<p>Tanto si rastreas una sola ventosa como si controlas varias, este m\u00f3dulo proporciona informaci\u00f3n de estado individual para cada unidad, garantizando la m\u00e1xima seguridad.<\/p>\n<p class=\"ds-markdown-paragraph\">Equipado con un procesador de calidad automovil\u00edstica, ofrece actualizaciones de estado instant\u00e1neas, una velocidad de ciclo de 50 ms al supervisar de 1 a 6 ventosas y de 100 ms para hasta 12 unidades simult\u00e1neamente.<\/p>\n<p class=\"ds-markdown-paragraph\">Construido para resistir condiciones extremas, funciona con fiabilidad a temperaturas que oscilan entre -20 \u00b0C y 90 \u00b0C, lo que lo hace perfecto para su uso tanto en interiores como en exteriores.<\/p>\n<p class=\"ds-markdown-paragraph\">Con alimentaci\u00f3n USB-C plug-and-play y una rosca 1\/4\u2033-20 para el montaje, la configuraci\u00f3n no requiere esfuerzo ni emparejamiento manual.<\/p>\n","protected":false},"excerpt":{"rendered":"<p>Presentamos el M\u00f3dulo de Supervisi\u00f3n Inal\u00e1mbrico para Ventosa Electr\u00f3nica Hydra, un accesorio esencial para la supervisi\u00f3n en tiempo real de tus ventosas electr\u00f3nicas. Dise\u00f1ado para funcionar perfectamente con la Ventosa Electr\u00f3nica Tilta de 4,5&#8243; y otras versiones futuras, este m\u00f3dulo [&hellip;]<\/p>\n","protected":false},"featured_media":2388311,"comment_status":"open","ping_status":"closed","template":"","meta":[],"product_cat":[4023],"product_tag":[],"acf":[],"gallery_images":[2388321,2388327,2388333,2388406,2388339],"_links":{"self":[{"href":"https:\/\/eu.tilta.com\/es\/wp-json\/wp\/v2\/product\/2441707"}],"collection":[{"href":"https:\/\/eu.tilta.com\/es\/wp-json\/wp\/v2\/product"}],"about":[{"href":"https:\/\/eu.tilta.com\/es\/wp-json\/wp\/v2\/types\/product"}],"replies":[{"embeddable":true,"href":"https:\/\/eu.tilta.com\/es\/wp-json\/wp\/v2\/comments?post=2441707"}],"wp:featuredmedia":[{"embeddable":true,"href":"https:\/\/eu.tilta.com\/es\/wp-json\/wp\/v2\/media\/2388311"}],"wp:attachment":[{"href":"https:\/\/eu.tilta.com\/es\/wp-json\/wp\/v2\/media?parent=2441707"}],"wp:term":[{"taxonomy":"product_cat","embeddable":true,"href":"https:\/\/eu.tilta.com\/es\/wp-json\/wp\/v2\/product_cat?post=2441707"},{"taxonomy":"product_tag","embeddable":true,"href":"https:\/\/eu.tilta.com\/es\/wp-json\/wp\/v2\/product_tag?post=2441707"}],"curies":[{"name":"wp","href":"https:\/\/api.w.org\/{rel}","templated":true}]}}