{"id":2441719,"date":"2025-05-23T09:23:41","date_gmt":"2025-05-23T07:23:41","guid":{"rendered":"https:\/\/eu.tilta.com\/shop\/correa-de-hombro-multifuncional-tilta-fe\/"},"modified":"2026-04-15T03:57:40","modified_gmt":"2026-04-15T01:57:40","slug":"tilta-fe-multi-functional-shoulder-strap","status":"publish","type":"product","link":"https:\/\/eu.tilta.com\/es\/shop\/tilta-fe-multi-functional-shoulder-strap\/","title":{"rendered":"Correa de hombro multifuncional Tilta Fe"},"content":{"rendered":"<p><em>Presentamos la bandolera multifuncional Tilta Fe<\/em><\/p>\n<p>Esta correa para el hombro est\u00e1 fabricada con cinta de poli\u00e9ster de alto rendimiento de mayor grosor para una mayor durabilidad.<\/p>\n<p>Incorpora un sistema profesional de cierre de doble cord\u00f3n UTX Duraflex para mayor seguridad.<\/p>\n<p>Tambi\u00e9n incorpora mosquetones t\u00e1cticos UTX Duraflex que permiten conectar esta correa a una gran variedad de c\u00e1maras, accesorios y mucho m\u00e1s.<\/p>\n<p>Su dise\u00f1o de primera calidad combina a la perfecci\u00f3n con muchas de nuestras jaulas para c\u00e1maras, por lo que es un complemento ideal para tu configuraci\u00f3n de producci\u00f3n m\u00f3vil.<\/p>\n","protected":false},"excerpt":{"rendered":"<p>Presentamos la bandolera multifuncional Tilta Fe Esta correa para el hombro est\u00e1 fabricada con cinta de poli\u00e9ster de alto rendimiento de mayor grosor para una mayor durabilidad. Incorpora un sistema profesional de cierre de doble cord\u00f3n UTX Duraflex para mayor [&hellip;]<\/p>\n","protected":false},"featured_media":2400877,"comment_status":"open","ping_status":"closed","template":"","meta":[],"product_cat":[4493,2966],"product_tag":[],"acf":[],"gallery_images":[2400895,2400921,2400928],"_links":{"self":[{"href":"https:\/\/eu.tilta.com\/es\/wp-json\/wp\/v2\/product\/2441719"}],"collection":[{"href":"https:\/\/eu.tilta.com\/es\/wp-json\/wp\/v2\/product"}],"about":[{"href":"https:\/\/eu.tilta.com\/es\/wp-json\/wp\/v2\/types\/product"}],"replies":[{"embeddable":true,"href":"https:\/\/eu.tilta.com\/es\/wp-json\/wp\/v2\/comments?post=2441719"}],"wp:featuredmedia":[{"embeddable":true,"href":"https:\/\/eu.tilta.com\/es\/wp-json\/wp\/v2\/media\/2400877"}],"wp:attachment":[{"href":"https:\/\/eu.tilta.com\/es\/wp-json\/wp\/v2\/media?parent=2441719"}],"wp:term":[{"taxonomy":"product_cat","embeddable":true,"href":"https:\/\/eu.tilta.com\/es\/wp-json\/wp\/v2\/product_cat?post=2441719"},{"taxonomy":"product_tag","embeddable":true,"href":"https:\/\/eu.tilta.com\/es\/wp-json\/wp\/v2\/product_tag?post=2441719"}],"curies":[{"name":"wp","href":"https:\/\/api.w.org\/{rel}","templated":true}]}}