{"id":2441746,"date":"2025-05-13T11:00:17","date_gmt":"2025-05-13T09:00:17","guid":{"rendered":"https:\/\/eu.tilta.com\/shop\/bolsa-mensajero-fe\/"},"modified":"2026-04-17T10:00:19","modified_gmt":"2026-04-17T08:00:19","slug":"fe-messenger-bag","status":"publish","type":"product","link":"https:\/\/eu.tilta.com\/es\/shop\/fe-messenger-bag\/","title":{"rendered":"Bolsa Mensajero Fe"},"content":{"rendered":"<p><em>Presentamos la Fe Messenger Bag, pensada para creadores, cineastas y cualquiera que exija m\u00e1s a su equipo.<\/em><\/p>\n<p>Dise\u00f1ada para seguir el ritmo de la vida moderna, la Bolsa Messenger Fe ofrece un rendimiento de nivel t\u00e1ctico en una forma refinada y familiar.<\/p>\n<p>La disposici\u00f3n de los compartimentos interiores permite guardar con seguridad port\u00e1tiles, c\u00e1maras peque\u00f1as, bater\u00edas el\u00e9ctricas y otros objetos de uso diario, mientras que los bolsillos estrat\u00e9gicamente situados protegen documentos de identidad, tarjetas y objetos de valor con una organizaci\u00f3n sin esfuerzo.<\/p>\n<p>El sistema de cierre r\u00e1pido de grado militar PSIGEAR permite un acceso incre\u00edblemente r\u00e1pido a la bolsa de mensajero, manteniendo tu equipo accesible al instante.<\/p>\n<p>Fabricada para rendir en todo tipo de condiciones, la Bolsa Messenger Fe cuenta con cremalleras YKK resistentes a la intemperie y un exterior duradero que soporta los elementos.<\/p>\n<p>Las hebillas laterales t\u00e1cticas DURAFLEX de liberaci\u00f3n r\u00e1pida permiten ampliar la capacidad al instante, mientras que los vers\u00e1tiles puntos de enganche de las solapas alojan bolsas secundarias o herramientas EDC para una m\u00e1xima flexibilidad de transporte, mientras que la tecnolog\u00eda magn\u00e9tica de liberaci\u00f3n inteligente FIDLOCK proporciona un acceso suave con una sola mano sobre la marcha.<\/p>\n","protected":false},"excerpt":{"rendered":"<p>Presentamos la Fe Messenger Bag, pensada para creadores, cineastas y cualquiera que exija m\u00e1s a su equipo. Dise\u00f1ada para seguir el ritmo de la vida moderna, la Bolsa Messenger Fe ofrece un rendimiento de nivel t\u00e1ctico en una forma refinada [&hellip;]<\/p>\n","protected":false},"featured_media":2372241,"comment_status":"open","ping_status":"closed","template":"","meta":[],"product_cat":[2966],"product_tag":[],"acf":[],"gallery_images":[2372261,2372279],"_links":{"self":[{"href":"https:\/\/eu.tilta.com\/es\/wp-json\/wp\/v2\/product\/2441746"}],"collection":[{"href":"https:\/\/eu.tilta.com\/es\/wp-json\/wp\/v2\/product"}],"about":[{"href":"https:\/\/eu.tilta.com\/es\/wp-json\/wp\/v2\/types\/product"}],"replies":[{"embeddable":true,"href":"https:\/\/eu.tilta.com\/es\/wp-json\/wp\/v2\/comments?post=2441746"}],"wp:featuredmedia":[{"embeddable":true,"href":"https:\/\/eu.tilta.com\/es\/wp-json\/wp\/v2\/media\/2372241"}],"wp:attachment":[{"href":"https:\/\/eu.tilta.com\/es\/wp-json\/wp\/v2\/media?parent=2441746"}],"wp:term":[{"taxonomy":"product_cat","embeddable":true,"href":"https:\/\/eu.tilta.com\/es\/wp-json\/wp\/v2\/product_cat?post=2441746"},{"taxonomy":"product_tag","embeddable":true,"href":"https:\/\/eu.tilta.com\/es\/wp-json\/wp\/v2\/product_tag?post=2441746"}],"curies":[{"name":"wp","href":"https:\/\/api.w.org\/{rel}","templated":true}]}}