{"id":2441804,"date":"2025-04-26T12:32:14","date_gmt":"2025-04-26T10:32:14","guid":{"rendered":"https:\/\/eu.tilta.com\/shop\/estacion-de-carga-portatil-tilta-para-la-bateria-fujifilm-np-w235-4-canales-verde\/"},"modified":"2026-04-15T03:57:59","modified_gmt":"2026-04-15T01:57:59","slug":"tilta-portable-charging-station-for-fujifilm-np-w235-battery-4-channel-green","status":"publish","type":"product","link":"https:\/\/eu.tilta.com\/es\/shop\/tilta-portable-charging-station-for-fujifilm-np-w235-battery-4-channel-green\/","title":{"rendered":"Estaci\u00f3n de carga port\u00e1til Tilta para la bater\u00eda Fujifilm NP-W235 (4 canales) &#8211; Verde"},"content":{"rendered":"<p><em>Presentamos la estaci\u00f3n de carga port\u00e1til Tilta para NP-W235 (4 canales)<\/em><\/p>\n<p>Esta estaci\u00f3n de carga compacta est\u00e1 dise\u00f1ada para admitir las bater\u00edas NP-W235 de Fujifilm y de otros fabricantes, y ofrece cuatro ranuras para una carga sencilla y un almacenamiento c\u00f3modo.<\/p>\n<p>Equipado con carga r\u00e1pida PD de 45 W, proporciona una impresionante velocidad de carga un 68% m\u00e1s r\u00e1pida que un cargador simple est\u00e1ndar, garantizando que tus bater\u00edas est\u00e9n listas para la acci\u00f3n en s\u00f3lo 3 horas.<\/p>\n<p>Los indicadores de estado de carga en tiempo real te mantienen informado sobre el estado de cada bater\u00eda y el dise\u00f1o ligero significa que la unidad pesa s\u00f3lo 176 gramos, lo que garantiza que sea f\u00e1cil viajar con ella.<\/p>\n<p>Con capacidad para cargar completamente cuatro bater\u00edas NP-W235, los usuarios estar\u00e1n preparados para hasta 13 horas de grabaci\u00f3n de v\u00eddeo o energ\u00eda suficiente para 2.400 fotos, perfecto para largas sesiones fotogr\u00e1ficas.<\/p>\n<p>La estaci\u00f3n de carga port\u00e1til Tilta presenta un dise\u00f1o estilo EDC con la est\u00e9tica caracter\u00edstica de Tilta, lo que la convierte en un complemento elegante y funcional para tu equipo.<\/p>\n<p>Tanto si est\u00e1s en un rodaje profesional como capturando momentos personales, este cargador vers\u00e1til te proporciona la energ\u00eda que necesitas en un paquete c\u00f3modo y port\u00e1til.<\/p>\n<p><strong>Ten en cuenta: esta Estaci\u00f3n de Carga no dispone de bater\u00eda interna y s\u00f3lo puede utilizarse para cargar bater\u00edas cuando est\u00e1 conectada a una fuente de alimentaci\u00f3n externa.<\/strong><\/p>\n","protected":false},"excerpt":{"rendered":"<p>Presentamos la estaci\u00f3n de carga port\u00e1til Tilta para NP-W235 (4 canales) Esta estaci\u00f3n de carga compacta est\u00e1 dise\u00f1ada para admitir las bater\u00edas NP-W235 de Fujifilm y de otros fabricantes, y ofrece cuatro ranuras para una carga sencilla y un almacenamiento [&hellip;]<\/p>\n","protected":false},"featured_media":2328129,"comment_status":"open","ping_status":"closed","template":"","meta":[],"product_cat":[4495,3836],"product_tag":[],"acf":[],"gallery_images":[2328136,2328142,2328185,2328160,2328166,2328172],"_links":{"self":[{"href":"https:\/\/eu.tilta.com\/es\/wp-json\/wp\/v2\/product\/2441804"}],"collection":[{"href":"https:\/\/eu.tilta.com\/es\/wp-json\/wp\/v2\/product"}],"about":[{"href":"https:\/\/eu.tilta.com\/es\/wp-json\/wp\/v2\/types\/product"}],"replies":[{"embeddable":true,"href":"https:\/\/eu.tilta.com\/es\/wp-json\/wp\/v2\/comments?post=2441804"}],"wp:featuredmedia":[{"embeddable":true,"href":"https:\/\/eu.tilta.com\/es\/wp-json\/wp\/v2\/media\/2328129"}],"wp:attachment":[{"href":"https:\/\/eu.tilta.com\/es\/wp-json\/wp\/v2\/media?parent=2441804"}],"wp:term":[{"taxonomy":"product_cat","embeddable":true,"href":"https:\/\/eu.tilta.com\/es\/wp-json\/wp\/v2\/product_cat?post=2441804"},{"taxonomy":"product_tag","embeddable":true,"href":"https:\/\/eu.tilta.com\/es\/wp-json\/wp\/v2\/product_tag?post=2441804"}],"curies":[{"name":"wp","href":"https:\/\/api.w.org\/{rel}","templated":true}]}}