{"id":2441823,"date":"2025-04-30T09:32:36","date_gmt":"2025-04-30T07:32:36","guid":{"rendered":"https:\/\/eu.tilta.com\/shop\/tapa-de-objetivo-para-fujifilm-x100vi\/"},"modified":"2026-02-16T09:03:48","modified_gmt":"2026-02-16T08:03:48","slug":"lens-cap-for-fujifilm-x100vi","status":"publish","type":"product","link":"https:\/\/eu.tilta.com\/es\/shop\/lens-cap-for-fujifilm-x100vi\/","title":{"rendered":"Tapa de objetivo para Fujifilm X100VI"},"content":{"rendered":"<p><em>Presentamos la tapa del objetivo para la Fujifilm X100VI  <\/em><\/p>\n<p>Protege tu Fujifilm X100VI o X100V con estilo con nuestra tapa de objetivo de alta calidad, donde la artesan\u00eda moderna se une al encanto vintage.<\/p>\n<p>Con un peso de s\u00f3lo 19 g, esta tapa ligera pero duradera est\u00e1 dise\u00f1ada para ajustarse perfectamente y proteger el objetivo de tu c\u00e1mara.<\/p>\n<p>Fabricada con mecanizado CNC de precisi\u00f3n, esta tapa de objetivo presenta ranuras conc\u00e9ntricas finamente detalladas que ofrecen una sensaci\u00f3n t\u00e1ctil y texturizada, evocando la elegancia cl\u00e1sica de las c\u00e1maras de pel\u00edcula vintage.<\/p>\n<p>Disponible en acabados negro elegante y plateado atemporal, complementa la est\u00e9tica de tu c\u00e1mara a la vez que a\u00f1ade un toque refinado.<\/p>\n<p>Tanto si llevas la c\u00e1mara en una bolsa como si disparas sobre la marcha, esta tapa de objetivo ofrece una protecci\u00f3n esencial con un gui\u00f1o nost\u00e1lgico a la \u00e9poca dorada de la fotograf\u00eda.<\/p>\n","protected":false},"excerpt":{"rendered":"<p>Presentamos la tapa del objetivo para la Fujifilm X100VI Protege tu Fujifilm X100VI o X100V con estilo con nuestra tapa de objetivo de alta calidad, donde la artesan\u00eda moderna se une al encanto vintage. Con un peso de s\u00f3lo 19 [&hellip;]<\/p>\n","protected":false},"featured_media":2339360,"comment_status":"open","ping_status":"closed","template":"","meta":[],"product_cat":[4448,3366],"product_tag":[],"acf":[],"gallery_images":[2339306,2339354],"_links":{"self":[{"href":"https:\/\/eu.tilta.com\/es\/wp-json\/wp\/v2\/product\/2441823"}],"collection":[{"href":"https:\/\/eu.tilta.com\/es\/wp-json\/wp\/v2\/product"}],"about":[{"href":"https:\/\/eu.tilta.com\/es\/wp-json\/wp\/v2\/types\/product"}],"replies":[{"embeddable":true,"href":"https:\/\/eu.tilta.com\/es\/wp-json\/wp\/v2\/comments?post=2441823"}],"wp:featuredmedia":[{"embeddable":true,"href":"https:\/\/eu.tilta.com\/es\/wp-json\/wp\/v2\/media\/2339360"}],"wp:attachment":[{"href":"https:\/\/eu.tilta.com\/es\/wp-json\/wp\/v2\/media?parent=2441823"}],"wp:term":[{"taxonomy":"product_cat","embeddable":true,"href":"https:\/\/eu.tilta.com\/es\/wp-json\/wp\/v2\/product_cat?post=2441823"},{"taxonomy":"product_tag","embeddable":true,"href":"https:\/\/eu.tilta.com\/es\/wp-json\/wp\/v2\/product_tag?post=2441823"}],"curies":[{"name":"wp","href":"https:\/\/api.w.org\/{rel}","templated":true}]}}