{"id":2441862,"date":"2025-04-26T10:22:07","date_gmt":"2025-04-26T08:22:07","guid":{"rendered":"https:\/\/eu.tilta.com\/shop\/bateria-tilta-en-el15c-con-entrada-usb-c-2400mah-para-camaras-nikon-verde\/"},"modified":"2026-04-15T03:58:05","modified_gmt":"2026-04-15T01:58:05","slug":"tilta-en-el15c-battery-with-usb-c-input-2400mah-for-nikon-cameras-green","status":"publish","type":"product","link":"https:\/\/eu.tilta.com\/es\/shop\/tilta-en-el15c-battery-with-usb-c-input-2400mah-for-nikon-cameras-green\/","title":{"rendered":"Bater\u00eda Tilta EN-EL15C con entrada USB-C (2400mAh) para c\u00e1maras Nikon &#8211; Verde"},"content":{"rendered":"<p>La Bater\u00eda de Alta Capacidad EN-EL15C est\u00e1 dise\u00f1ada para proporcionar energ\u00eda fiable y duradera a tu c\u00e1mara, garantizando que puedas seguir disparando durante m\u00e1s tiempo sin interrupciones.<\/p>\n<p>Con una innovadora c\u00e9lula de bater\u00eda de alta densidad energ\u00e9tica, esta bater\u00eda ofrece una mayor resistencia, lo que la hace ideal tanto para sesiones fotogr\u00e1ficas como de v\u00eddeo.<\/p>\n<p>El puerto USB-C integrado admite carga r\u00e1pida PD, para que puedas recargar c\u00f3modamente la bater\u00eda directamente sin necesidad de una base de carga.<\/p>\n<p>Gracias a su chip de descodificaci\u00f3n, la EN-EL15C ofrece indicaciones precisas del nivel de bater\u00eda sin avisos de bater\u00eda no homologados. Probada profesionalmente para cumplir las normas de la CIPA, esta bater\u00eda te permite hacer hasta 352 fotos o grabar m\u00e1s de 2 horas de v\u00eddeo con una sola carga.<\/p>\n<p>Con unas dimensiones iguales a las del original, encaja perfectamente en tu c\u00e1mara, garantizando una compatibilidad perfecta. Tambi\u00e9n est\u00e1 equipado con m\u00faltiples certificaciones internacionales de seguridad (CCC, FCC, CE, PSE, KC, UL, BSMI), que ofrecen tranquilidad y una protecci\u00f3n fiable.<\/p>\n<p>Tanto si eres profesional como aficionado, la EN-EL15C es una soluci\u00f3n de alimentaci\u00f3n inteligente, eficiente y segura para todas tus necesidades fotogr\u00e1ficas y videogr\u00e1ficas.<\/p>\n","protected":false},"excerpt":{"rendered":"<p>La Bater\u00eda de Alta Capacidad EN-EL15C est\u00e1 dise\u00f1ada para proporcionar energ\u00eda fiable y duradera a tu c\u00e1mara, garantizando que puedas seguir disparando durante m\u00e1s tiempo sin interrupciones. Con una innovadora c\u00e9lula de bater\u00eda de alta densidad energ\u00e9tica, esta bater\u00eda ofrece [&hellip;]<\/p>\n","protected":false},"featured_media":2327378,"comment_status":"open","ping_status":"closed","template":"","meta":[],"product_cat":[3836],"product_tag":[],"acf":[],"gallery_images":[2327390,2327402,2327414,2327360,2327366,2327372],"_links":{"self":[{"href":"https:\/\/eu.tilta.com\/es\/wp-json\/wp\/v2\/product\/2441862"}],"collection":[{"href":"https:\/\/eu.tilta.com\/es\/wp-json\/wp\/v2\/product"}],"about":[{"href":"https:\/\/eu.tilta.com\/es\/wp-json\/wp\/v2\/types\/product"}],"replies":[{"embeddable":true,"href":"https:\/\/eu.tilta.com\/es\/wp-json\/wp\/v2\/comments?post=2441862"}],"wp:featuredmedia":[{"embeddable":true,"href":"https:\/\/eu.tilta.com\/es\/wp-json\/wp\/v2\/media\/2327378"}],"wp:attachment":[{"href":"https:\/\/eu.tilta.com\/es\/wp-json\/wp\/v2\/media?parent=2441862"}],"wp:term":[{"taxonomy":"product_cat","embeddable":true,"href":"https:\/\/eu.tilta.com\/es\/wp-json\/wp\/v2\/product_cat?post=2441862"},{"taxonomy":"product_tag","embeddable":true,"href":"https:\/\/eu.tilta.com\/es\/wp-json\/wp\/v2\/product_tag?post=2441862"}],"curies":[{"name":"wp","href":"https:\/\/api.w.org\/{rel}","templated":true}]}}