{"id":2441892,"date":"2025-04-14T08:45:08","date_gmt":"2025-04-14T06:45:08","guid":{"rendered":"https:\/\/eu.tilta.com\/shop\/jaula-completa-para-canon-r1-negra\/"},"modified":"2025-12-05T14:27:48","modified_gmt":"2025-12-05T13:27:48","slug":"full-camera-cage-for-canon-r1-black","status":"publish","type":"product","link":"https:\/\/eu.tilta.com\/es\/shop\/full-camera-cage-for-canon-r1-black\/","title":{"rendered":"Jaula completa para Canon R1 &#8211; Negra"},"content":{"rendered":"<p>Presentamos la Jaula de C\u00e1mara Completa para la Canon R1.<\/p>\n<p>Esto proporciona una protecci\u00f3n adicional para el cuerpo de la c\u00e1mara, al tiempo que ampl\u00eda las opciones de montaje para diversos accesorios.<\/p>\n<p>Esta Jaula para C\u00e1mara Completa incorpora un Receptor de Zapata Fr\u00eda, Soportes para Correa de Mu\u00f1eca, Roscas de 1\/4\u2033-20 con Puntos de Localizaci\u00f3n y un Adaptador de Rosca de 3\/8\u2033-16 a 1\/4\u2033-20.<\/p>\n<p>Incorpora una placa inferior ARCA que permite a los usuarios montar f\u00e1cilmente el sistema en varios tr\u00edpodes, sistemas de soporte y cardanes DJI Ronin como el RS4 Pro.<\/p>\n<p>La abrazadera para cables HDMI y USB-C incluida garantiza que ambos cables permanecer\u00e1n seguros cuando se conecten al cuerpo de la c\u00e1mara.<\/p>\n<p>El suave acolchado de silicona y los m\u00faltiples puntos de contacto entre la c\u00e1mara y la jaula garantizan una conexi\u00f3n s\u00f3lida y una base firme para montar accesorios.<\/p>\n","protected":false},"excerpt":{"rendered":"<p>Presentamos la Jaula de C\u00e1mara Completa para la Canon R1. Esto proporciona una protecci\u00f3n adicional para el cuerpo de la c\u00e1mara, al tiempo que ampl\u00eda las opciones de montaje para diversos accesorios. Esta Jaula para C\u00e1mara Completa incorpora un Receptor [&hellip;]<\/p>\n","protected":false},"featured_media":2271776,"comment_status":"open","ping_status":"closed","template":"","meta":[],"product_cat":[4043],"product_tag":[],"acf":[],"gallery_images":[2271783,2271789,2271795,2271619,2271613,2271625],"_links":{"self":[{"href":"https:\/\/eu.tilta.com\/es\/wp-json\/wp\/v2\/product\/2441892"}],"collection":[{"href":"https:\/\/eu.tilta.com\/es\/wp-json\/wp\/v2\/product"}],"about":[{"href":"https:\/\/eu.tilta.com\/es\/wp-json\/wp\/v2\/types\/product"}],"replies":[{"embeddable":true,"href":"https:\/\/eu.tilta.com\/es\/wp-json\/wp\/v2\/comments?post=2441892"}],"wp:featuredmedia":[{"embeddable":true,"href":"https:\/\/eu.tilta.com\/es\/wp-json\/wp\/v2\/media\/2271776"}],"wp:attachment":[{"href":"https:\/\/eu.tilta.com\/es\/wp-json\/wp\/v2\/media?parent=2441892"}],"wp:term":[{"taxonomy":"product_cat","embeddable":true,"href":"https:\/\/eu.tilta.com\/es\/wp-json\/wp\/v2\/product_cat?post=2441892"},{"taxonomy":"product_tag","embeddable":true,"href":"https:\/\/eu.tilta.com\/es\/wp-json\/wp\/v2\/product_tag?post=2441892"}],"curies":[{"name":"wp","href":"https:\/\/api.w.org\/{rel}","templated":true}]}}