{"id":2441896,"date":"2025-04-26T08:43:34","date_gmt":"2025-04-26T06:43:34","guid":{"rendered":"https:\/\/eu.tilta.com\/shop\/bateria-tilta-lp-e6p-con-entrada-usb-c-2400mah-para-camaras-canon-verde\/"},"modified":"2026-04-15T04:04:20","modified_gmt":"2026-04-15T02:04:20","slug":"tilta-lp-e6p-battery-with-usb-c-input-2400mah-for-canon-cameras-green","status":"publish","type":"product","link":"https:\/\/eu.tilta.com\/es\/shop\/tilta-lp-e6p-battery-with-usb-c-input-2400mah-for-canon-cameras-green\/","title":{"rendered":"Bater\u00eda Tilta LP-E6P con entrada USB-C (2400mAh) para c\u00e1maras Canon &#8211; Verde"},"content":{"rendered":"<p>La Bater\u00eda de alta capacidad LP-E6P est\u00e1 dise\u00f1ada para proporcionar energ\u00eda fiable y duradera a tu c\u00e1mara, garantizando que puedas seguir disparando durante m\u00e1s tiempo sin interrupciones.<\/p>\n<p>Con una innovadora c\u00e9lula de bater\u00eda de alta densidad energ\u00e9tica, esta bater\u00eda ofrece una mayor resistencia, lo que la hace ideal tanto para sesiones fotogr\u00e1ficas como de v\u00eddeo.<\/p>\n<p>El puerto USB-C integrado admite carga r\u00e1pida PD, para que puedas recargar c\u00f3modamente la bater\u00eda directamente sin necesidad de una base de carga.<\/p>\n<p>Gracias a su chip de descodificaci\u00f3n, el LP-E6P ofrece indicaciones precisas del nivel de bater\u00eda, sin avisos de bater\u00eda no homologados. Probado profesionalmente para cumplir las normas de la CIPA.<\/p>\n<p>Con unas dimensiones iguales a las del original, encaja perfectamente en tu c\u00e1mara, garantizando una compatibilidad perfecta. Tambi\u00e9n est\u00e1 equipado con m\u00faltiples certificaciones internacionales de seguridad (CCC, FCC, CE, PSE, KC, UL, BSMI), que ofrecen tranquilidad y una protecci\u00f3n fiable.<\/p>\n<p>Tanto si eres profesional como aficionado, la LP-E6P es una soluci\u00f3n de alimentaci\u00f3n inteligente, eficiente y segura para todas tus necesidades fotogr\u00e1ficas y videogr\u00e1ficas.<\/p>\n","protected":false},"excerpt":{"rendered":"<p>La Bater\u00eda de alta capacidad LP-E6P est\u00e1 dise\u00f1ada para proporcionar energ\u00eda fiable y duradera a tu c\u00e1mara, garantizando que puedas seguir disparando durante m\u00e1s tiempo sin interrupciones. Con una innovadora c\u00e9lula de bater\u00eda de alta densidad energ\u00e9tica, esta bater\u00eda ofrece [&hellip;]<\/p>\n","protected":false},"featured_media":2326856,"comment_status":"open","ping_status":"closed","template":"","meta":[],"product_cat":[4495,3836],"product_tag":[],"acf":[],"gallery_images":[2326863,2326869,2326875,2326894,2326882,2326888],"_links":{"self":[{"href":"https:\/\/eu.tilta.com\/es\/wp-json\/wp\/v2\/product\/2441896"}],"collection":[{"href":"https:\/\/eu.tilta.com\/es\/wp-json\/wp\/v2\/product"}],"about":[{"href":"https:\/\/eu.tilta.com\/es\/wp-json\/wp\/v2\/types\/product"}],"replies":[{"embeddable":true,"href":"https:\/\/eu.tilta.com\/es\/wp-json\/wp\/v2\/comments?post=2441896"}],"wp:featuredmedia":[{"embeddable":true,"href":"https:\/\/eu.tilta.com\/es\/wp-json\/wp\/v2\/media\/2326856"}],"wp:attachment":[{"href":"https:\/\/eu.tilta.com\/es\/wp-json\/wp\/v2\/media?parent=2441896"}],"wp:term":[{"taxonomy":"product_cat","embeddable":true,"href":"https:\/\/eu.tilta.com\/es\/wp-json\/wp\/v2\/product_cat?post=2441896"},{"taxonomy":"product_tag","embeddable":true,"href":"https:\/\/eu.tilta.com\/es\/wp-json\/wp\/v2\/product_tag?post=2441896"}],"curies":[{"name":"wp","href":"https:\/\/api.w.org\/{rel}","templated":true}]}}