{"id":2441897,"date":"2025-04-14T08:39:27","date_gmt":"2025-04-14T06:39:27","guid":{"rendered":"https:\/\/eu.tilta.com\/shop\/jaula-para-canon-r1-kit-base-negro\/"},"modified":"2025-12-05T14:27:50","modified_gmt":"2025-12-05T13:27:50","slug":"camera-cage-for-canon-r1-base-kit-black","status":"publish","type":"product","link":"https:\/\/eu.tilta.com\/es\/shop\/camera-cage-for-canon-r1-base-kit-black\/","title":{"rendered":"Jaula para Canon R1 Kit Base &#8211; Negro"},"content":{"rendered":"<p>Presentamos el Kit de Base de Jaula de C\u00e1mara para la Canon R1.<\/p>\n<p>Esto proporciona una protecci\u00f3n adicional para el cuerpo de la c\u00e1mara, al tiempo que ampl\u00eda las opciones de montaje para diversos accesorios.<\/p>\n<p>Esta Jaula para C\u00e1mara Completa incorpora un Receptor de Zapata Fr\u00eda, Soportes para Correa de Mu\u00f1eca, Roscas de 1\/4\u2033-20 con Puntos de Localizaci\u00f3n y un Adaptador de Rosca de 3\/8\u2033-16 a 1\/4\u2033-20.<\/p>\n<p>Incorpora una placa inferior ARCA que permite a los usuarios montar f\u00e1cilmente el sistema en varios tr\u00edpodes, sistemas de soporte y cardanes DJI Ronin como el RS4 Pro.<\/p>\n<p>La abrazadera para cables HDMI y USB-C incluida garantiza que ambos cables permanecer\u00e1n seguros cuando se conecten al cuerpo de la c\u00e1mara.<\/p>\n<p>El suave acolchado de silicona y los m\u00faltiples puntos de contacto entre la c\u00e1mara y la jaula garantizan una conexi\u00f3n s\u00f3lida y una base firme para montar accesorios.<\/p>\n<p>El asa superior de 1\/4-20\u2033 incluida ofrece opciones de manejo m\u00e1s flexibles, especialmente \u00fatiles para las tomas desde \u00e1ngulos bajos.<\/p>\n<p>Esta empu\u00f1adura tambi\u00e9n ampl\u00eda las opciones de montaje con roscas adicionales de 1\/4\u2033-20 y un receptor de zapata fr\u00eda, perfecto para un monitor externo.<\/p>\n","protected":false},"excerpt":{"rendered":"<p>Presentamos el Kit de Base de Jaula de C\u00e1mara para la Canon R1. Esto proporciona una protecci\u00f3n adicional para el cuerpo de la c\u00e1mara, al tiempo que ampl\u00eda las opciones de montaje para diversos accesorios. Esta Jaula para C\u00e1mara Completa [&hellip;]<\/p>\n","protected":false},"featured_media":2271631,"comment_status":"open","ping_status":"closed","template":"","meta":[],"product_cat":[4043],"product_tag":[],"acf":[],"gallery_images":[2271633,2271639,2271645,2271609,2271615,2271621],"_links":{"self":[{"href":"https:\/\/eu.tilta.com\/es\/wp-json\/wp\/v2\/product\/2441897"}],"collection":[{"href":"https:\/\/eu.tilta.com\/es\/wp-json\/wp\/v2\/product"}],"about":[{"href":"https:\/\/eu.tilta.com\/es\/wp-json\/wp\/v2\/types\/product"}],"replies":[{"embeddable":true,"href":"https:\/\/eu.tilta.com\/es\/wp-json\/wp\/v2\/comments?post=2441897"}],"wp:featuredmedia":[{"embeddable":true,"href":"https:\/\/eu.tilta.com\/es\/wp-json\/wp\/v2\/media\/2271631"}],"wp:attachment":[{"href":"https:\/\/eu.tilta.com\/es\/wp-json\/wp\/v2\/media?parent=2441897"}],"wp:term":[{"taxonomy":"product_cat","embeddable":true,"href":"https:\/\/eu.tilta.com\/es\/wp-json\/wp\/v2\/product_cat?post=2441897"},{"taxonomy":"product_tag","embeddable":true,"href":"https:\/\/eu.tilta.com\/es\/wp-json\/wp\/v2\/product_tag?post=2441897"}],"curies":[{"name":"wp","href":"https:\/\/api.w.org\/{rel}","templated":true}]}}