{"id":2441906,"date":"2025-04-05T07:07:51","date_gmt":"2025-04-05T05:07:51","guid":{"rendered":"https:\/\/eu.tilta.com\/shop\/cable-de-alimentacion-de-p-tap-a-7-patillas-nucleus-m-ii-70-cm\/"},"modified":"2025-12-05T14:27:52","modified_gmt":"2025-12-05T13:27:52","slug":"nucleus-m-ii-p-tap-to-7-pin-power-cable-70cm","status":"publish","type":"product","link":"https:\/\/eu.tilta.com\/es\/shop\/nucleus-m-ii-p-tap-to-7-pin-power-cable-70cm\/","title":{"rendered":"Cable de alimentaci\u00f3n de P-Tap a 7 patillas Nucleus-M II (70 cm)"},"content":{"rendered":"<p>Este cable de P-tap a 7 patillas para el Nucleus-M II te permite alimentar los Motores o Empu\u00f1aduras Nucleus-M desde un puerto de salida de alimentaci\u00f3n P-Tap.<\/p>\n<p>S\u00f3lo tienes que enchufar este cable a uno de los motores y luego conectar en cadena la alimentaci\u00f3n a los dem\u00e1s motores mediante cables de alimentaci\u00f3n de 7 patillas a 7 patillas.<\/p>\n","protected":false},"excerpt":{"rendered":"<p>Este cable de P-tap a 7 patillas para el Nucleus-M II te permite alimentar los Motores o Empu\u00f1aduras Nucleus-M desde un puerto de salida de alimentaci\u00f3n P-Tap. S\u00f3lo tienes que enchufar este cable a uno de los motores y luego [&hellip;]<\/p>\n","protected":false},"featured_media":2244605,"comment_status":"open","ping_status":"closed","template":"","meta":[],"product_cat":[3919],"product_tag":[],"acf":[],"gallery_images":[],"_links":{"self":[{"href":"https:\/\/eu.tilta.com\/es\/wp-json\/wp\/v2\/product\/2441906"}],"collection":[{"href":"https:\/\/eu.tilta.com\/es\/wp-json\/wp\/v2\/product"}],"about":[{"href":"https:\/\/eu.tilta.com\/es\/wp-json\/wp\/v2\/types\/product"}],"replies":[{"embeddable":true,"href":"https:\/\/eu.tilta.com\/es\/wp-json\/wp\/v2\/comments?post=2441906"}],"wp:featuredmedia":[{"embeddable":true,"href":"https:\/\/eu.tilta.com\/es\/wp-json\/wp\/v2\/media\/2244605"}],"wp:attachment":[{"href":"https:\/\/eu.tilta.com\/es\/wp-json\/wp\/v2\/media?parent=2441906"}],"wp:term":[{"taxonomy":"product_cat","embeddable":true,"href":"https:\/\/eu.tilta.com\/es\/wp-json\/wp\/v2\/product_cat?post=2441906"},{"taxonomy":"product_tag","embeddable":true,"href":"https:\/\/eu.tilta.com\/es\/wp-json\/wp\/v2\/product_tag?post=2441906"}],"curies":[{"name":"wp","href":"https:\/\/api.w.org\/{rel}","templated":true}]}}