{"id":2441908,"date":"2025-04-14T08:25:38","date_gmt":"2025-04-14T06:25:38","guid":{"rendered":"https:\/\/eu.tilta.com\/shop\/abrazadera-de-cable-hdmi-y-usb-c-para-canon-r1-negro\/"},"modified":"2025-12-05T14:27:53","modified_gmt":"2025-12-05T13:27:53","slug":"hdmi-and-usb-c-cable-clamp-for-canon-r1-black","status":"publish","type":"product","link":"https:\/\/eu.tilta.com\/es\/shop\/hdmi-and-usb-c-cable-clamp-for-canon-r1-black\/","title":{"rendered":"Abrazadera de cable HDMI y USB-C para Canon R1 &#8211; Negro"},"content":{"rendered":"<p>Te presentamos la abrazadera para cables HDMI y USB-C para Canon, el accesorio ligero ideal para proporcionar una mayor seguridad a los cables de tu Canon R1.<\/p>\n<p>Esta abrazadera de cable se integra f\u00e1cilmente en la Jaula de C\u00e1mara Completa de la R1 mediante un punto de fijaci\u00f3n espec\u00edfico.<\/p>\n<p>Esta abrazadera puede montarse con una llave Allen para una conexi\u00f3n segura a la jaula y dispone de tornillos de mariposa para facilitar la conexi\u00f3n y desconexi\u00f3n r\u00e1pidas de los cables.<\/p>\n<p>Esta abrazadera proporciona mayor seguridad a los cables y permite a los usuarios asegurar varios cables, incluidos HDMI y USB-C, mediante un \u00fanico accesorio.<\/p>\n","protected":false},"excerpt":{"rendered":"<p>Te presentamos la abrazadera para cables HDMI y USB-C para Canon, el accesorio ligero ideal para proporcionar una mayor seguridad a los cables de tu Canon R1. Esta abrazadera de cable se integra f\u00e1cilmente en la Jaula de C\u00e1mara Completa [&hellip;]<\/p>\n","protected":false},"featured_media":2271467,"comment_status":"open","ping_status":"closed","template":"","meta":[],"product_cat":[4043],"product_tag":[],"acf":[],"gallery_images":[2271469,2271475,2271481],"_links":{"self":[{"href":"https:\/\/eu.tilta.com\/es\/wp-json\/wp\/v2\/product\/2441908"}],"collection":[{"href":"https:\/\/eu.tilta.com\/es\/wp-json\/wp\/v2\/product"}],"about":[{"href":"https:\/\/eu.tilta.com\/es\/wp-json\/wp\/v2\/types\/product"}],"replies":[{"embeddable":true,"href":"https:\/\/eu.tilta.com\/es\/wp-json\/wp\/v2\/comments?post=2441908"}],"wp:featuredmedia":[{"embeddable":true,"href":"https:\/\/eu.tilta.com\/es\/wp-json\/wp\/v2\/media\/2271467"}],"wp:attachment":[{"href":"https:\/\/eu.tilta.com\/es\/wp-json\/wp\/v2\/media?parent=2441908"}],"wp:term":[{"taxonomy":"product_cat","embeddable":true,"href":"https:\/\/eu.tilta.com\/es\/wp-json\/wp\/v2\/product_cat?post=2441908"},{"taxonomy":"product_tag","embeddable":true,"href":"https:\/\/eu.tilta.com\/es\/wp-json\/wp\/v2\/product_tag?post=2441908"}],"curies":[{"name":"wp","href":"https:\/\/api.w.org\/{rel}","templated":true}]}}