{"id":2441913,"date":"2025-04-05T07:07:23","date_gmt":"2025-04-05T05:07:23","guid":{"rendered":"https:\/\/eu.tilta.com\/shop\/adaptador-de-empunadura-superior-nucleus-m-ii-para-empunadura-de-mano\/"},"modified":"2025-12-05T14:27:55","modified_gmt":"2025-12-05T13:27:55","slug":"nucleus-m-ii-top-handle-adapter-for-hand-grip","status":"publish","type":"product","link":"https:\/\/eu.tilta.com\/es\/shop\/nucleus-m-ii-top-handle-adapter-for-hand-grip\/","title":{"rendered":"Adaptador de empu\u00f1adura superior Nucleus-M II para empu\u00f1adura de mano"},"content":{"rendered":"<p>Este adaptador de asa superior ampl\u00eda las opciones de montaje de las empu\u00f1aduras Nucleus-M II.<\/p>\n<p>El adaptador de empu\u00f1adura superior permite a los usuarios montar la empu\u00f1adura Nucleus-M II en posici\u00f3n horizontal en la parte superior del cuerpo de una c\u00e1mara mediante un ra\u00edl OTAN para utilizarla como empu\u00f1adura superior.<\/p>\n<p>El Adaptador incluye un accesorio de ra\u00edl OTAN para ampliar su compatibilidad con otras jaulas y dispositivos.<\/p>\n<p>Esto proporciona una opci\u00f3n de posicionamiento \u00fanica para la empu\u00f1adura que permite a los usuarios operar c\u00f3modamente desde \u00e1ngulos m\u00e1s bajos.<\/p>\n<p>Disponible para pre-pedido La oferta de lanzamiento finaliza el 15 de mayo, env\u00edo en 4-8 semanas<\/p>\n","protected":false},"excerpt":{"rendered":"<p>Este adaptador de asa superior ampl\u00eda las opciones de montaje de las empu\u00f1aduras Nucleus-M II. El adaptador de empu\u00f1adura superior permite a los usuarios montar la empu\u00f1adura Nucleus-M II en posici\u00f3n horizontal en la parte superior del cuerpo de una [&hellip;]<\/p>\n","protected":false},"featured_media":2244480,"comment_status":"open","ping_status":"closed","template":"","meta":[],"product_cat":[3919],"product_tag":[],"acf":[],"gallery_images":[2244470],"_links":{"self":[{"href":"https:\/\/eu.tilta.com\/es\/wp-json\/wp\/v2\/product\/2441913"}],"collection":[{"href":"https:\/\/eu.tilta.com\/es\/wp-json\/wp\/v2\/product"}],"about":[{"href":"https:\/\/eu.tilta.com\/es\/wp-json\/wp\/v2\/types\/product"}],"replies":[{"embeddable":true,"href":"https:\/\/eu.tilta.com\/es\/wp-json\/wp\/v2\/comments?post=2441913"}],"wp:featuredmedia":[{"embeddable":true,"href":"https:\/\/eu.tilta.com\/es\/wp-json\/wp\/v2\/media\/2244480"}],"wp:attachment":[{"href":"https:\/\/eu.tilta.com\/es\/wp-json\/wp\/v2\/media?parent=2441913"}],"wp:term":[{"taxonomy":"product_cat","embeddable":true,"href":"https:\/\/eu.tilta.com\/es\/wp-json\/wp\/v2\/product_cat?post=2441913"},{"taxonomy":"product_tag","embeddable":true,"href":"https:\/\/eu.tilta.com\/es\/wp-json\/wp\/v2\/product_tag?post=2441913"}],"curies":[{"name":"wp","href":"https:\/\/api.w.org\/{rel}","templated":true}]}}