{"id":2441920,"date":"2025-04-05T07:07:31","date_gmt":"2025-04-05T05:07:31","guid":{"rendered":"https:\/\/eu.tilta.com\/shop\/kit-de-motor-nucleus-m-ii\/"},"modified":"2025-12-05T14:28:02","modified_gmt":"2025-12-05T13:28:02","slug":"nucleus-m-ii-motor-kit","status":"publish","type":"product","link":"https:\/\/eu.tilta.com\/es\/shop\/nucleus-m-ii-motor-kit\/","title":{"rendered":"Kit de motor Nucleus-M II"},"content":{"rendered":"<p>Los motores inal\u00e1mbricos reci\u00e9n redise\u00f1ados se han actualizado con una nueva interfaz de usuario optimizada e indicadores LED codificados por colores que facilitan m\u00e1s que nunca a los usuarios el control inal\u00e1mbrico de sus objetivos.<\/p>\n<p>Estos motores son m\u00e1s peque\u00f1os con la misma cantidad de par, lo que los hace perfectos para su uso en cardanes, steadicams o cualquier otro sistema de soporte en el que el peso total sea un factor importante.<\/p>\n<p>Los cineastas que se actualicen desde sistemas anteriores encontrar\u00e1n plena compatibilidad con los controladores y motores inal\u00e1mbricos existentes de la serie Nucleus, lo que permite una v\u00eda de actualizaci\u00f3n gradual para los usuarios que no puedan actualizarse por completo de una sola vez.<\/p>\n<p>Este kit de motor incluye un cable EXT de 7 patillas a 7 patillas que facilita la integraci\u00f3n de este motor adicional en una configuraci\u00f3n existente.<\/p>\n<p>Se incluyen dos soportes de varilla que admiten varillas de 15 mm y 19 mm.<\/p>\n<p><strong>Disponible para pre-pedido La oferta de lanzamiento finaliza el 15 de mayo, env\u00edo en 4-8 semanas<\/strong><\/p>\n","protected":false},"excerpt":{"rendered":"<p>Los motores inal\u00e1mbricos reci\u00e9n redise\u00f1ados se han actualizado con una nueva interfaz de usuario optimizada e indicadores LED codificados por colores que facilitan m\u00e1s que nunca a los usuarios el control inal\u00e1mbrico de sus objetivos. Estos motores son m\u00e1s peque\u00f1os [&hellip;]<\/p>\n","protected":false},"featured_media":2244540,"comment_status":"open","ping_status":"closed","template":"","meta":[],"product_cat":[3919],"product_tag":[],"acf":[],"gallery_images":[2244546,2244552,2244558],"_links":{"self":[{"href":"https:\/\/eu.tilta.com\/es\/wp-json\/wp\/v2\/product\/2441920"}],"collection":[{"href":"https:\/\/eu.tilta.com\/es\/wp-json\/wp\/v2\/product"}],"about":[{"href":"https:\/\/eu.tilta.com\/es\/wp-json\/wp\/v2\/types\/product"}],"replies":[{"embeddable":true,"href":"https:\/\/eu.tilta.com\/es\/wp-json\/wp\/v2\/comments?post=2441920"}],"wp:featuredmedia":[{"embeddable":true,"href":"https:\/\/eu.tilta.com\/es\/wp-json\/wp\/v2\/media\/2244540"}],"wp:attachment":[{"href":"https:\/\/eu.tilta.com\/es\/wp-json\/wp\/v2\/media?parent=2441920"}],"wp:term":[{"taxonomy":"product_cat","embeddable":true,"href":"https:\/\/eu.tilta.com\/es\/wp-json\/wp\/v2\/product_cat?post=2441920"},{"taxonomy":"product_tag","embeddable":true,"href":"https:\/\/eu.tilta.com\/es\/wp-json\/wp\/v2\/product_tag?post=2441920"}],"curies":[{"name":"wp","href":"https:\/\/api.w.org\/{rel}","templated":true}]}}