{"id":2594046,"date":"2025-07-10T04:41:58","date_gmt":"2025-07-10T02:41:58","guid":{"rendered":"https:\/\/eu.tilta.com\/shop\/mango-circular-de-madera-tilta-1-4%e2%80%b3-20-gris-espacial\/"},"modified":"2025-12-05T14:28:34","modified_gmt":"2025-12-05T13:28:34","slug":"tilta-circular-wooden-handle-1-4%e2%80%b3-20-space-grey","status":"publish","type":"product","link":"https:\/\/eu.tilta.com\/es\/shop\/tilta-circular-wooden-handle-1-4%e2%80%b3-20-space-grey\/","title":{"rendered":"Mango circular de madera Tilta (1\/4\u2033-20) &#8211; Gris espacial"},"content":{"rendered":"<div class=\"overview-text\">\n<p><em>Te presentamos el Asa circular de madera Tilta (1\/4\u2033-20), un complemento ligero y perfecto para la configuraci\u00f3n de tu c\u00e1mara.<\/em><\/p>\n<p>Fabricadas con precisi\u00f3n, estas empu\u00f1aduras est\u00e1n hechas de madera de calidad y ensambladas con aleaci\u00f3n de aluminio de alta calidad fresada mediante CNC, lo que garantiza su durabilidad y un acabado elegante.<\/p>\n<p>Dise\u00f1adas para ofrecer comodidad, proporcionan un agarre seguro y c\u00f3modo para un uso prolongado.<\/p>\n<\/div>\n","protected":false},"excerpt":{"rendered":"<p>Te presentamos el Asa circular de madera Tilta (1\/4\u2033-20), un complemento ligero y perfecto para la configuraci\u00f3n de tu c\u00e1mara. Fabricadas con precisi\u00f3n, estas empu\u00f1aduras est\u00e1n hechas de madera de calidad y ensambladas con aleaci\u00f3n de aluminio de alta calidad [&hellip;]<\/p>\n","protected":false},"featured_media":2568551,"comment_status":"open","ping_status":"closed","template":"","meta":[],"product_cat":[2886],"product_tag":[],"acf":[],"gallery_images":[2568557,2568563,2568569,2568575],"_links":{"self":[{"href":"https:\/\/eu.tilta.com\/es\/wp-json\/wp\/v2\/product\/2594046"}],"collection":[{"href":"https:\/\/eu.tilta.com\/es\/wp-json\/wp\/v2\/product"}],"about":[{"href":"https:\/\/eu.tilta.com\/es\/wp-json\/wp\/v2\/types\/product"}],"replies":[{"embeddable":true,"href":"https:\/\/eu.tilta.com\/es\/wp-json\/wp\/v2\/comments?post=2594046"}],"wp:featuredmedia":[{"embeddable":true,"href":"https:\/\/eu.tilta.com\/es\/wp-json\/wp\/v2\/media\/2568551"}],"wp:attachment":[{"href":"https:\/\/eu.tilta.com\/es\/wp-json\/wp\/v2\/media?parent=2594046"}],"wp:term":[{"taxonomy":"product_cat","embeddable":true,"href":"https:\/\/eu.tilta.com\/es\/wp-json\/wp\/v2\/product_cat?post=2594046"},{"taxonomy":"product_tag","embeddable":true,"href":"https:\/\/eu.tilta.com\/es\/wp-json\/wp\/v2\/product_tag?post=2594046"}],"curies":[{"name":"wp","href":"https:\/\/api.w.org\/{rel}","templated":true}]}}