{"id":2594069,"date":"2025-07-12T08:57:02","date_gmt":"2025-07-12T06:57:02","guid":{"rendered":"https:\/\/eu.tilta.com\/shop\/placa-superior-para-canon-powershot-v1-negra\/"},"modified":"2025-12-05T14:28:45","modified_gmt":"2025-12-05T13:28:45","slug":"top-plate-for-canon-powershot-v1-black","status":"publish","type":"product","link":"https:\/\/eu.tilta.com\/es\/shop\/top-plate-for-canon-powershot-v1-black\/","title":{"rendered":"Placa superior para Canon PowerShot V1 &#8211; Negra"},"content":{"rendered":"<div class=\"overview-text\">\n<p><em>Presentamos la Placa Superior para Canon PowerShot V1<\/em><\/p>\n<p>Esta placa protectora superior se monta en la parte superior del cuerpo de la c\u00e1mara Canon PowerShot V1 para proporcionar una protecci\u00f3n ligera y robusta a la c\u00e1mara.<\/p>\n<p>La montura de zapata fr\u00eda desmontable permite a los usuarios montar accesorios basados en la zapata fr\u00eda, como micr\u00f3fonos, soportes para monitores o luces incorporadas.<\/p>\n<p>El dise\u00f1o desmontable resulta pr\u00e1ctico cuando se viaja, ya que los usuarios pueden retirar el punto de montaje cuando no lo necesiten para mantener su c\u00e1mara ligera y compacta.<\/p>\n<p>Este accesorio es especialmente \u00fatil cuando viajas o cuando utilizas la c\u00e1mara en condiciones m\u00e1s extremas.<\/p>\n<\/div>\n","protected":false},"excerpt":{"rendered":"<p>Presentamos la Placa Superior para Canon PowerShot V1 Esta placa protectora superior se monta en la parte superior del cuerpo de la c\u00e1mara Canon PowerShot V1 para proporcionar una protecci\u00f3n ligera y robusta a la c\u00e1mara. La montura de zapata [&hellip;]<\/p>\n","protected":false},"featured_media":2578887,"comment_status":"open","ping_status":"closed","template":"","meta":[],"product_cat":[4065],"product_tag":[],"acf":[],"gallery_images":[2578889,2578841,2578772,2578784],"_links":{"self":[{"href":"https:\/\/eu.tilta.com\/es\/wp-json\/wp\/v2\/product\/2594069"}],"collection":[{"href":"https:\/\/eu.tilta.com\/es\/wp-json\/wp\/v2\/product"}],"about":[{"href":"https:\/\/eu.tilta.com\/es\/wp-json\/wp\/v2\/types\/product"}],"replies":[{"embeddable":true,"href":"https:\/\/eu.tilta.com\/es\/wp-json\/wp\/v2\/comments?post=2594069"}],"wp:featuredmedia":[{"embeddable":true,"href":"https:\/\/eu.tilta.com\/es\/wp-json\/wp\/v2\/media\/2578887"}],"wp:attachment":[{"href":"https:\/\/eu.tilta.com\/es\/wp-json\/wp\/v2\/media?parent=2594069"}],"wp:term":[{"taxonomy":"product_cat","embeddable":true,"href":"https:\/\/eu.tilta.com\/es\/wp-json\/wp\/v2\/product_cat?post=2594069"},{"taxonomy":"product_tag","embeddable":true,"href":"https:\/\/eu.tilta.com\/es\/wp-json\/wp\/v2\/product_tag?post=2594069"}],"curies":[{"name":"wp","href":"https:\/\/api.w.org\/{rel}","templated":true}]}}