{"id":2594071,"date":"2025-07-12T08:45:43","date_gmt":"2025-07-12T06:45:43","guid":{"rendered":"https:\/\/eu.tilta.com\/shop\/placa-base-de-montaje-con-empunadura-de-madera-para-canon-powershot-v1-negro\/"},"modified":"2025-12-05T14:28:46","modified_gmt":"2025-12-05T13:28:46","slug":"mounting-baseplate-with-wooden-grip-for-canon-powershot-v1-black","status":"publish","type":"product","link":"https:\/\/eu.tilta.com\/es\/shop\/mounting-baseplate-with-wooden-grip-for-canon-powershot-v1-black\/","title":{"rendered":"Placa base de montaje con empu\u00f1adura de madera para Canon PowerShot V1 &#8211; Negro"},"content":{"rendered":"<div class=\"overview-text\">\n<p>Presentamos la placa base de montaje con empu\u00f1adura de madera para la Canon PowerShot V1<\/p>\n<p>La base de este accesorio en forma de L es una empu\u00f1adura de madera, fabricada con madera de nogal.<\/p>\n<p>Esto proporciona una forma m\u00e1s c\u00f3moda de manejar y manipular la c\u00e1mara, sin dejar de ser compacta y f\u00e1cil de transportar.<\/p>\n<p>La placa inferior puede alojar f\u00e1cilmente una placa de liberaci\u00f3n r\u00e1pida ARCA (no incluida).<\/p>\n<p>Esto permite que el sistema se monte f\u00e1cilmente en cardanes de la serie S del Ronin o en tr\u00edpodes ligeros, como nuestro tr\u00edpode de cabeza fluida de viaje VT-05.<\/p>\n<\/div>\n","protected":false},"excerpt":{"rendered":"<p>Presentamos la placa base de montaje con empu\u00f1adura de madera para la Canon PowerShot V1 La base de este accesorio en forma de L es una empu\u00f1adura de madera, fabricada con madera de nogal. Esto proporciona una forma m\u00e1s c\u00f3moda [&hellip;]<\/p>\n","protected":false},"featured_media":2578764,"comment_status":"open","ping_status":"closed","template":"","meta":[],"product_cat":[4065],"product_tag":[],"acf":[],"gallery_images":[2578766,2578784,2578778,2578772],"_links":{"self":[{"href":"https:\/\/eu.tilta.com\/es\/wp-json\/wp\/v2\/product\/2594071"}],"collection":[{"href":"https:\/\/eu.tilta.com\/es\/wp-json\/wp\/v2\/product"}],"about":[{"href":"https:\/\/eu.tilta.com\/es\/wp-json\/wp\/v2\/types\/product"}],"replies":[{"embeddable":true,"href":"https:\/\/eu.tilta.com\/es\/wp-json\/wp\/v2\/comments?post=2594071"}],"wp:featuredmedia":[{"embeddable":true,"href":"https:\/\/eu.tilta.com\/es\/wp-json\/wp\/v2\/media\/2578764"}],"wp:attachment":[{"href":"https:\/\/eu.tilta.com\/es\/wp-json\/wp\/v2\/media?parent=2594071"}],"wp:term":[{"taxonomy":"product_cat","embeddable":true,"href":"https:\/\/eu.tilta.com\/es\/wp-json\/wp\/v2\/product_cat?post=2594071"},{"taxonomy":"product_tag","embeddable":true,"href":"https:\/\/eu.tilta.com\/es\/wp-json\/wp\/v2\/product_tag?post=2594071"}],"curies":[{"name":"wp","href":"https:\/\/api.w.org\/{rel}","templated":true}]}}