{"id":2594072,"date":"2025-07-09T04:49:01","date_gmt":"2025-07-09T02:49:01","guid":{"rendered":"https:\/\/eu.tilta.com\/shop\/funda-protectora-de-viaje-tilta-con-kit-de-correa-de-muneca-para-dji-osmo-pocket-3\/"},"modified":"2025-12-05T14:28:59","modified_gmt":"2025-12-05T13:28:59","slug":"tilta-protective-travel-case-with-wrist-strap-kit-for-dji-osmo-pocket-3","status":"publish","type":"product","link":"https:\/\/eu.tilta.com\/es\/shop\/tilta-protective-travel-case-with-wrist-strap-kit-for-dji-osmo-pocket-3\/","title":{"rendered":"Funda protectora de viaje Tilta con kit de correa de mu\u00f1eca para DJI Osmo Pocket 3"},"content":{"rendered":"<div class=\"overview-text\">\n<p><em>Presentamos la funda de viaje protectora Tilta con kit de correa de mu\u00f1eca para DJI Osmo Pocket 3<\/em><\/p>\n<p>Esta funda de viaje protectora sustituye a la incluida con el Pocket 3, al tiempo que a\u00f1ade mayor funcionalidad y aumenta las opciones para lucir un estilo personal.<\/p>\n<p>Las nuevas opciones de color a\u00f1aden un toque de estilo, mientras que la superficie mate evita las huellas dactilares y las manchas de aceite.<\/p>\n<p>Las ranuras integradas para guardar los filtros ofrecen una c\u00f3moda opci\u00f3n para viajar con los filtros necesarios para sacar el m\u00e1ximo partido a la imagen de la Pocket 3. (filtros no incluidos)<\/p>\n<p>El cord\u00f3n incluido facilita a\u00fan m\u00e1s el transporte de la c\u00e1mara y mejora la seguridad al disparar en condiciones m\u00e1s extremas.<\/p>\n<\/div>\n","protected":false},"excerpt":{"rendered":"<p>Presentamos la funda de viaje protectora Tilta con kit de correa de mu\u00f1eca para DJI Osmo Pocket 3 Esta funda de viaje protectora sustituye a la incluida con el Pocket 3, al tiempo que a\u00f1ade mayor funcionalidad y aumenta las [&hellip;]<\/p>\n","protected":false},"featured_media":2563646,"comment_status":"open","ping_status":"closed","template":"","meta":[],"product_cat":[2974],"product_tag":[],"acf":[],"gallery_images":[2563648,2563654,2563636,2563630,2563660,2563667,2563673],"_links":{"self":[{"href":"https:\/\/eu.tilta.com\/es\/wp-json\/wp\/v2\/product\/2594072"}],"collection":[{"href":"https:\/\/eu.tilta.com\/es\/wp-json\/wp\/v2\/product"}],"about":[{"href":"https:\/\/eu.tilta.com\/es\/wp-json\/wp\/v2\/types\/product"}],"replies":[{"embeddable":true,"href":"https:\/\/eu.tilta.com\/es\/wp-json\/wp\/v2\/comments?post=2594072"}],"wp:featuredmedia":[{"embeddable":true,"href":"https:\/\/eu.tilta.com\/es\/wp-json\/wp\/v2\/media\/2563646"}],"wp:attachment":[{"href":"https:\/\/eu.tilta.com\/es\/wp-json\/wp\/v2\/media?parent=2594072"}],"wp:term":[{"taxonomy":"product_cat","embeddable":true,"href":"https:\/\/eu.tilta.com\/es\/wp-json\/wp\/v2\/product_cat?post=2594072"},{"taxonomy":"product_tag","embeddable":true,"href":"https:\/\/eu.tilta.com\/es\/wp-json\/wp\/v2\/product_tag?post=2594072"}],"curies":[{"name":"wp","href":"https:\/\/api.w.org\/{rel}","templated":true}]}}