{"id":2594081,"date":"2025-07-04T05:35:16","date_gmt":"2025-07-04T03:35:16","guid":{"rendered":"https:\/\/eu.tilta.com\/shop\/jaula-vintage-para-camara-fujifilm-gfx100rf-kit-ligero\/"},"modified":"2025-12-05T14:28:59","modified_gmt":"2025-12-05T13:28:59","slug":"vintage-camera-cage-for-fujifilm-gfx100rf-lightweight-kit","status":"publish","type":"product","link":"https:\/\/eu.tilta.com\/es\/shop\/vintage-camera-cage-for-fujifilm-gfx100rf-lightweight-kit\/","title":{"rendered":"Jaula vintage para c\u00e1mara Fujifilm GFX100RF Kit ligero"},"content":{"rendered":"<div class=\"overview-text\">\n<p>Presentamos la Jaula Vintage para el Kit Ligero Fujifilm GFX100RF<\/p>\n<p>Este kit incluye una Funda de Piel para C\u00e1mara Fujifilm GFX100RF, que se monta mediante un tornillo de 1\/4\u2033-20 y proporciona a los usuarios una forma m\u00e1s c\u00f3moda de manejar y manipular el cuerpo de la c\u00e1mara mediante la empu\u00f1adura integrada.<\/p>\n<p>El dise\u00f1o tambi\u00e9n proporciona una protecci\u00f3n adicional para la parte inferior del cuerpo de la c\u00e1mara, lo que resulta especialmente \u00fatil al dejarla en el suelo.<\/p>\n<p>Una peque\u00f1a solapa en la parte inferior facilita el acceso al compartimento de las pilas.<\/p>\n<p>Tambi\u00e9n incluye un soporte para el pulgar de la zapata, que se monta en el receptor de la zapata de la c\u00e1mara para proporcionar al operador una posici\u00f3n c\u00f3moda y segura para colocar el pulgar.<\/p>\n<\/div>\n","protected":false},"excerpt":{"rendered":"<p>Presentamos la Jaula Vintage para el Kit Ligero Fujifilm GFX100RF Este kit incluye una Funda de Piel para C\u00e1mara Fujifilm GFX100RF, que se monta mediante un tornillo de 1\/4\u2033-20 y proporciona a los usuarios una forma m\u00e1s c\u00f3moda de manejar [&hellip;]<\/p>\n","protected":false},"featured_media":2539365,"comment_status":"open","ping_status":"closed","template":"","meta":[],"product_cat":[4071],"product_tag":[],"acf":[],"gallery_images":[2539371,2539377,2539396,2539389,2539383],"_links":{"self":[{"href":"https:\/\/eu.tilta.com\/es\/wp-json\/wp\/v2\/product\/2594081"}],"collection":[{"href":"https:\/\/eu.tilta.com\/es\/wp-json\/wp\/v2\/product"}],"about":[{"href":"https:\/\/eu.tilta.com\/es\/wp-json\/wp\/v2\/types\/product"}],"replies":[{"embeddable":true,"href":"https:\/\/eu.tilta.com\/es\/wp-json\/wp\/v2\/comments?post=2594081"}],"wp:featuredmedia":[{"embeddable":true,"href":"https:\/\/eu.tilta.com\/es\/wp-json\/wp\/v2\/media\/2539365"}],"wp:attachment":[{"href":"https:\/\/eu.tilta.com\/es\/wp-json\/wp\/v2\/media?parent=2594081"}],"wp:term":[{"taxonomy":"product_cat","embeddable":true,"href":"https:\/\/eu.tilta.com\/es\/wp-json\/wp\/v2\/product_cat?post=2594081"},{"taxonomy":"product_tag","embeddable":true,"href":"https:\/\/eu.tilta.com\/es\/wp-json\/wp\/v2\/product_tag?post=2594081"}],"curies":[{"name":"wp","href":"https:\/\/api.w.org\/{rel}","templated":true}]}}