{"id":2594089,"date":"2025-07-12T08:52:29","date_gmt":"2025-07-12T06:52:29","guid":{"rendered":"https:\/\/eu.tilta.com\/shop\/pantalla-antiviento-de-microfono-para-canon-powershot-v1-negro\/"},"modified":"2025-12-05T14:28:53","modified_gmt":"2025-12-05T13:28:53","slug":"microphone-windscreen-for-canon-powershot-v1-black","status":"publish","type":"product","link":"https:\/\/eu.tilta.com\/es\/shop\/microphone-windscreen-for-canon-powershot-v1-black\/","title":{"rendered":"Pantalla antiviento de micr\u00f3fono para Canon PowerShot V1 &#8211; Negro"},"content":{"rendered":"<p><em>Presentamos el paravientos de micr\u00f3fono para Canon PowerShot V1  <\/em><\/p>\n<p>Este parabrisas peludo de alta densidad bloquea el ruido exterior del viento y otras fuentes.<\/p>\n<p>Esto ayuda a los usuarios a conseguir un audio n\u00edtido y claro sin a\u00f1adir un tama\u00f1o significativo a su equipo.<\/p>\n<p>Esta unidad est\u00e1 dise\u00f1ada con precisi\u00f3n para encajar con seguridad sin obstruir los botones de encendido o funci\u00f3n.<\/p>\n","protected":false},"excerpt":{"rendered":"<p>Presentamos el paravientos de micr\u00f3fono para Canon PowerShot V1 Este parabrisas peludo de alta densidad bloquea el ruido exterior del viento y otras fuentes. Esto ayuda a los usuarios a conseguir un audio n\u00edtido y claro sin a\u00f1adir un tama\u00f1o [&hellip;]<\/p>\n","protected":false},"featured_media":2578833,"comment_status":"open","ping_status":"closed","template":"","meta":[],"product_cat":[4065],"product_tag":[],"acf":[],"gallery_images":[2578835,2578841],"_links":{"self":[{"href":"https:\/\/eu.tilta.com\/es\/wp-json\/wp\/v2\/product\/2594089"}],"collection":[{"href":"https:\/\/eu.tilta.com\/es\/wp-json\/wp\/v2\/product"}],"about":[{"href":"https:\/\/eu.tilta.com\/es\/wp-json\/wp\/v2\/types\/product"}],"replies":[{"embeddable":true,"href":"https:\/\/eu.tilta.com\/es\/wp-json\/wp\/v2\/comments?post=2594089"}],"wp:featuredmedia":[{"embeddable":true,"href":"https:\/\/eu.tilta.com\/es\/wp-json\/wp\/v2\/media\/2578833"}],"wp:attachment":[{"href":"https:\/\/eu.tilta.com\/es\/wp-json\/wp\/v2\/media?parent=2594089"}],"wp:term":[{"taxonomy":"product_cat","embeddable":true,"href":"https:\/\/eu.tilta.com\/es\/wp-json\/wp\/v2\/product_cat?post=2594089"},{"taxonomy":"product_tag","embeddable":true,"href":"https:\/\/eu.tilta.com\/es\/wp-json\/wp\/v2\/product_tag?post=2594089"}],"curies":[{"name":"wp","href":"https:\/\/api.w.org\/{rel}","templated":true}]}}