{"id":2594110,"date":"2025-07-12T08:31:48","date_gmt":"2025-07-12T06:31:48","guid":{"rendered":"https:\/\/eu.tilta.com\/shop\/jaula-vintage-para-canon-powershot-v1-kit-base-negro\/"},"modified":"2025-12-05T14:29:09","modified_gmt":"2025-12-05T13:29:09","slug":"vintage-camera-cage-for-canon-powershot-v1-base-kit-black","status":"publish","type":"product","link":"https:\/\/eu.tilta.com\/es\/shop\/vintage-camera-cage-for-canon-powershot-v1-base-kit-black\/","title":{"rendered":"Jaula Vintage para Canon PowerShot V1 Kit Base &#8211; Negro"},"content":{"rendered":"<div class=\"overview-text\">\n<p><em>Presentamos la Jaula Vintage para el Kit Base Canon PowerShot V1<\/em><\/p>\n<p>La base de este kit es la placa de montaje con empu\u00f1adura de madera de nogal, que proporciona una forma m\u00e1s c\u00f3moda de manejar la c\u00e1mara sin dejar de ser compacta y f\u00e1cil de transportar.<\/p>\n<p>La placa inferior puede alojar f\u00e1cilmente una placa de liberaci\u00f3n r\u00e1pida ARCA (no incluida), que permite montar f\u00e1cilmente el sistema en cardanes Ronin de la serie S o en tr\u00edpodes ligeros, como nuestro tr\u00edpode de cabeza fluida de viaje VT-05.<\/p>\n<p>Esta placa superior protectora se monta en la parte superior del cuerpo de la c\u00e1mara para proporcionarle una protecci\u00f3n ligera y robusta.<\/p>\n<p>La montura de zapata fr\u00eda desmontable permite a los usuarios montar accesorios basados en la zapata fr\u00eda, como micr\u00f3fonos, soportes para monitores o luces de a bordo, lo que resulta c\u00f3modo cuando se viaja, ya que los usuarios pueden retirar el punto de montaje cuando no lo necesiten para mantener la c\u00e1mara ligera y compacta.<\/p>\n<p>Este accesorio es especialmente \u00fatil cuando viajas o cuando utilizas la c\u00e1mara en condiciones m\u00e1s extremas.<\/p>\n<p>Este parabrisas peludo de alta densidad bloquea el duro ruido exterior del viento y otras fuentes, lo que ayuda a los usuarios a conseguir un audio n\u00edtido y claro sin a\u00f1adir un tama\u00f1o significativo a su equipo.<\/p>\n<p>Esta unidad est\u00e1 dise\u00f1ada con precisi\u00f3n para encajar con seguridad sin obstruir los botones de encendido o funci\u00f3n.<\/p>\n<\/div>\n","protected":false},"excerpt":{"rendered":"<p>Presentamos la Jaula Vintage para el Kit Base Canon PowerShot V1 La base de este kit es la placa de montaje con empu\u00f1adura de madera de nogal, que proporciona una forma m\u00e1s c\u00f3moda de manejar la c\u00e1mara sin dejar de [&hellip;]<\/p>\n","protected":false},"featured_media":2578604,"comment_status":"open","ping_status":"closed","template":"","meta":[],"product_cat":[4065],"product_tag":[],"acf":[],"gallery_images":[2578606,2578614,2578620,2578705,2578699,2578693],"_links":{"self":[{"href":"https:\/\/eu.tilta.com\/es\/wp-json\/wp\/v2\/product\/2594110"}],"collection":[{"href":"https:\/\/eu.tilta.com\/es\/wp-json\/wp\/v2\/product"}],"about":[{"href":"https:\/\/eu.tilta.com\/es\/wp-json\/wp\/v2\/types\/product"}],"replies":[{"embeddable":true,"href":"https:\/\/eu.tilta.com\/es\/wp-json\/wp\/v2\/comments?post=2594110"}],"wp:featuredmedia":[{"embeddable":true,"href":"https:\/\/eu.tilta.com\/es\/wp-json\/wp\/v2\/media\/2578604"}],"wp:attachment":[{"href":"https:\/\/eu.tilta.com\/es\/wp-json\/wp\/v2\/media?parent=2594110"}],"wp:term":[{"taxonomy":"product_cat","embeddable":true,"href":"https:\/\/eu.tilta.com\/es\/wp-json\/wp\/v2\/product_cat?post=2594110"},{"taxonomy":"product_tag","embeddable":true,"href":"https:\/\/eu.tilta.com\/es\/wp-json\/wp\/v2\/product_tag?post=2594110"}],"curies":[{"name":"wp","href":"https:\/\/api.w.org\/{rel}","templated":true}]}}