{"id":2594115,"date":"2025-07-09T04:52:54","date_gmt":"2025-07-09T02:52:54","guid":{"rendered":"https:\/\/eu.tilta.com\/shop\/filtro-de-niebla-negro-tilta-para-dji-osmo-pocket-3\/"},"modified":"2025-12-05T14:29:20","modified_gmt":"2025-12-05T13:29:20","slug":"tilta-black-mist-filter-for-dji-osmo-pocket-3","status":"publish","type":"product","link":"https:\/\/eu.tilta.com\/es\/shop\/tilta-black-mist-filter-for-dji-osmo-pocket-3\/","title":{"rendered":"Filtro de niebla negro Tilta para DJI Osmo Pocket 3"},"content":{"rendered":"<div class=\"overview-text\">\n<p><em>Presentamos el Filtro de Niebla Negra Tilta para DJI Osmo Pocket 3<\/em><\/p>\n<p>Los filtros est\u00e1n dise\u00f1ados a medida para el Pocket 3 e incorporan una Conexi\u00f3n Magn\u00e9tica para conectarlos sin esfuerzo, mientras que el Dise\u00f1o Acanalado de Liberaci\u00f3n R\u00e1pida, que permite acceder a ellos r\u00e1pidamente, pellizcando para extraerlos.<\/p>\n<p>Este filtro es un tipo de filtro difusor que reduce el contraste y produce un sutil resplandor alrededor de las fuentes de luz, al tiempo que limita la suavidad general y conserva el contraste en las sombras.<\/p>\n<p>Esto crea una atm\u00f3sfera visual suave, al tiempo que conserva la nitidez y m\u00e1s detalle en las sombras que un filtro de Niebla est\u00e1ndar. Es ideal para los usuarios que buscan un aspecto difuminado cl\u00e1sico sin distraer demasiado.<\/p>\n<p>El filtro incorpora cristal \u00f3ptico de alta calidad para obtener im\u00e1genes n\u00edtidas y una reproducci\u00f3n fiel de los colores, mientras que un revestimiento polivalente de doble cara protege contra el agua, el aceite y los ara\u00f1azos.<\/p>\n<p>La construcci\u00f3n ultrafina no interfiere en la retracci\u00f3n del objetivo ni en la calibraci\u00f3n cuando est\u00e1 acoplado.<\/p>\n<\/div>\n","protected":false},"excerpt":{"rendered":"<p>Presentamos el Filtro de Niebla Negra Tilta para DJI Osmo Pocket 3 Los filtros est\u00e1n dise\u00f1ados a medida para el Pocket 3 e incorporan una Conexi\u00f3n Magn\u00e9tica para conectarlos sin esfuerzo, mientras que el Dise\u00f1o Acanalado de Liberaci\u00f3n R\u00e1pida, que [&hellip;]<\/p>\n","protected":false},"featured_media":2563893,"comment_status":"open","ping_status":"closed","template":"","meta":[],"product_cat":[2974],"product_tag":[],"acf":[],"gallery_images":[2563910,2563903,2563923],"_links":{"self":[{"href":"https:\/\/eu.tilta.com\/es\/wp-json\/wp\/v2\/product\/2594115"}],"collection":[{"href":"https:\/\/eu.tilta.com\/es\/wp-json\/wp\/v2\/product"}],"about":[{"href":"https:\/\/eu.tilta.com\/es\/wp-json\/wp\/v2\/types\/product"}],"replies":[{"embeddable":true,"href":"https:\/\/eu.tilta.com\/es\/wp-json\/wp\/v2\/comments?post=2594115"}],"wp:featuredmedia":[{"embeddable":true,"href":"https:\/\/eu.tilta.com\/es\/wp-json\/wp\/v2\/media\/2563893"}],"wp:attachment":[{"href":"https:\/\/eu.tilta.com\/es\/wp-json\/wp\/v2\/media?parent=2594115"}],"wp:term":[{"taxonomy":"product_cat","embeddable":true,"href":"https:\/\/eu.tilta.com\/es\/wp-json\/wp\/v2\/product_cat?post=2594115"},{"taxonomy":"product_tag","embeddable":true,"href":"https:\/\/eu.tilta.com\/es\/wp-json\/wp\/v2\/product_tag?post=2594115"}],"curies":[{"name":"wp","href":"https:\/\/api.w.org\/{rel}","templated":true}]}}