{"id":2594148,"date":"2025-07-09T05:39:26","date_gmt":"2025-07-09T03:39:26","guid":{"rendered":"https:\/\/eu.tilta.com\/shop\/kit-de-filtro-base-tilta-para-dji-osmo-pocket-3\/"},"modified":"2025-12-05T14:29:33","modified_gmt":"2025-12-05T13:29:33","slug":"tilta-base-filter-kit-for-dji-osmo-pocket-3","status":"publish","type":"product","link":"https:\/\/eu.tilta.com\/es\/shop\/tilta-base-filter-kit-for-dji-osmo-pocket-3\/","title":{"rendered":"Kit de filtro base Tilta para DJI Osmo Pocket 3"},"content":{"rendered":"<div class=\"overview-text\">\n<p><em>Presentamos el Kit de Filtros Base Tilta para DJI Osmo Pocket 3<\/em><\/p>\n<p>Los filtros est\u00e1n dise\u00f1ados a medida para el Pocket 3 e incorporan una Conexi\u00f3n Magn\u00e9tica para conectarlos sin esfuerzo, mientras que el Dise\u00f1o Acanalado de Liberaci\u00f3n R\u00e1pida, que permite acceder a ellos r\u00e1pidamente, pellizcando para extraerlos.<\/p>\n<p>El filtro incorpora cristal \u00f3ptico de alta calidad para obtener im\u00e1genes n\u00edtidas y una reproducci\u00f3n fiel de los colores, mientras que un revestimiento polivalente de doble cara protege contra el agua, el aceite y los ara\u00f1azos.<\/p>\n<p>La construcci\u00f3n ultrafina no interfiere en la retracci\u00f3n del objetivo ni en la calibraci\u00f3n cuando est\u00e1 acoplado.<\/p>\n<p>Este kit incluye:<\/p>\n<p>1x Filtro polarizador circular<\/p>\n<p>1x Filtro de niebla negro (1\/4)<\/p>\n<p>1x Filtro VND (ND2-ND32)<\/p>\n<\/div>\n","protected":false},"excerpt":{"rendered":"<p>Presentamos el Kit de Filtros Base Tilta para DJI Osmo Pocket 3 Los filtros est\u00e1n dise\u00f1ados a medida para el Pocket 3 e incorporan una Conexi\u00f3n Magn\u00e9tica para conectarlos sin esfuerzo, mientras que el Dise\u00f1o Acanalado de Liberaci\u00f3n R\u00e1pida, que [&hellip;]<\/p>\n","protected":false},"featured_media":2564300,"comment_status":"open","ping_status":"closed","template":"","meta":[],"product_cat":[2974],"product_tag":[],"acf":[],"gallery_images":[2564276,2564270],"_links":{"self":[{"href":"https:\/\/eu.tilta.com\/es\/wp-json\/wp\/v2\/product\/2594148"}],"collection":[{"href":"https:\/\/eu.tilta.com\/es\/wp-json\/wp\/v2\/product"}],"about":[{"href":"https:\/\/eu.tilta.com\/es\/wp-json\/wp\/v2\/types\/product"}],"replies":[{"embeddable":true,"href":"https:\/\/eu.tilta.com\/es\/wp-json\/wp\/v2\/comments?post=2594148"}],"wp:featuredmedia":[{"embeddable":true,"href":"https:\/\/eu.tilta.com\/es\/wp-json\/wp\/v2\/media\/2564300"}],"wp:attachment":[{"href":"https:\/\/eu.tilta.com\/es\/wp-json\/wp\/v2\/media?parent=2594148"}],"wp:term":[{"taxonomy":"product_cat","embeddable":true,"href":"https:\/\/eu.tilta.com\/es\/wp-json\/wp\/v2\/product_cat?post=2594148"},{"taxonomy":"product_tag","embeddable":true,"href":"https:\/\/eu.tilta.com\/es\/wp-json\/wp\/v2\/product_tag?post=2594148"}],"curies":[{"name":"wp","href":"https:\/\/api.w.org\/{rel}","templated":true}]}}