{"id":2594150,"date":"2025-07-09T05:14:36","date_gmt":"2025-07-09T03:14:36","guid":{"rendered":"https:\/\/eu.tilta.com\/shop\/filtro-nd-tilta-para-dji-osmo-pocket-3\/"},"modified":"2025-12-05T14:29:40","modified_gmt":"2025-12-05T13:29:40","slug":"tilta-nd-filter-for-dji-osmo-pocket-3","status":"publish","type":"product","link":"https:\/\/eu.tilta.com\/es\/shop\/tilta-nd-filter-for-dji-osmo-pocket-3\/","title":{"rendered":"Filtro ND Tilta para DJI Osmo Pocket 3"},"content":{"rendered":"<div class=\"overview-text\">\n<p><em>Presentamos el Filtro ND Tilta para DJI Osmo Pocket 3<\/em><\/p>\n<p>Los filtros dise\u00f1ados a medida para el Pocket 3 incorporan una Conexi\u00f3n Magn\u00e9tica para conectarlos sin esfuerzo, mientras que el Dise\u00f1o Acanalado de Liberaci\u00f3n R\u00e1pida, que permite acceder a ellos r\u00e1pidamente, pellizcando para extraerlos.<\/p>\n<p>Este filtro est\u00e1 disponible en varios niveles de Densidad Neutra, lo que proporciona a los usuarios un mayor control sobre su exposici\u00f3n.<\/p>\n<p>Esto permite a los usuarios reducir la luz visible para el sensor, para mantener los ajustes de la c\u00e1mara constantes al disparar en entornos de iluminaci\u00f3n m\u00e1s brillante, como la luz del d\u00eda.<\/p>\n<p>Estos filtros incorporan cristal \u00f3ptico de alta calidad para obtener im\u00e1genes n\u00edtidas y una reproducci\u00f3n fiel de los colores, mientras que un revestimiento multiuso de doble cara protege contra el agua, el aceite y los ara\u00f1azos.<\/p>\n<p>La construcci\u00f3n ultrafina no interfiere en la retracci\u00f3n del objetivo ni en la calibraci\u00f3n cuando est\u00e1 acoplado.<\/p>\n<\/div>\n","protected":false},"excerpt":{"rendered":"<p>Presentamos el Filtro ND Tilta para DJI Osmo Pocket 3 Los filtros dise\u00f1ados a medida para el Pocket 3 incorporan una Conexi\u00f3n Magn\u00e9tica para conectarlos sin esfuerzo, mientras que el Dise\u00f1o Acanalado de Liberaci\u00f3n R\u00e1pida, que permite acceder a ellos [&hellip;]<\/p>\n","protected":false},"featured_media":2564081,"comment_status":"open","ping_status":"closed","template":"","meta":[],"product_cat":[2974],"product_tag":[],"acf":[],"gallery_images":[2564118,2564125,2564088],"_links":{"self":[{"href":"https:\/\/eu.tilta.com\/es\/wp-json\/wp\/v2\/product\/2594150"}],"collection":[{"href":"https:\/\/eu.tilta.com\/es\/wp-json\/wp\/v2\/product"}],"about":[{"href":"https:\/\/eu.tilta.com\/es\/wp-json\/wp\/v2\/types\/product"}],"replies":[{"embeddable":true,"href":"https:\/\/eu.tilta.com\/es\/wp-json\/wp\/v2\/comments?post=2594150"}],"wp:featuredmedia":[{"embeddable":true,"href":"https:\/\/eu.tilta.com\/es\/wp-json\/wp\/v2\/media\/2564081"}],"wp:attachment":[{"href":"https:\/\/eu.tilta.com\/es\/wp-json\/wp\/v2\/media?parent=2594150"}],"wp:term":[{"taxonomy":"product_cat","embeddable":true,"href":"https:\/\/eu.tilta.com\/es\/wp-json\/wp\/v2\/product_cat?post=2594150"},{"taxonomy":"product_tag","embeddable":true,"href":"https:\/\/eu.tilta.com\/es\/wp-json\/wp\/v2\/product_tag?post=2594150"}],"curies":[{"name":"wp","href":"https:\/\/api.w.org\/{rel}","templated":true}]}}