{"id":2594165,"date":"2025-07-09T04:17:27","date_gmt":"2025-07-09T02:17:27","guid":{"rendered":"https:\/\/eu.tilta.com\/shop\/filtro-polarizador-tilta-para-dji-osmo-pocket-3\/"},"modified":"2025-12-05T14:29:52","modified_gmt":"2025-12-05T13:29:52","slug":"tilta-polarizer-filter-for-dji-osmo-pocket-3","status":"publish","type":"product","link":"https:\/\/eu.tilta.com\/es\/shop\/tilta-polarizer-filter-for-dji-osmo-pocket-3\/","title":{"rendered":"Filtro polarizador Tilta para DJI Osmo Pocket 3"},"content":{"rendered":"<div class=\"overview-text\">\n<p><em>Presentamos el filtro polarizador circular Tilta para DJI Osmo Pocket 3<\/em><\/p>\n<p>Este filtro est\u00e1 dise\u00f1ado a medida para el Pocket 3 y dispone de una Conexi\u00f3n Magn\u00e9tica para conectarlo sin esfuerzo, mientras que el Dise\u00f1o Acanalado de Liberaci\u00f3n R\u00e1pida, que permite acceder a \u00e9l r\u00e1pidamente, pellizcando para extraerlo.<\/p>\n<p>Puede producir colores precisos y vibrantes limitando la luz reflejada y evitando los reflejos no deseados causados por superficies reflectantes como el agua o el cristal.<\/p>\n<p>El filtro incorpora cristal \u00f3ptico de alta calidad para obtener im\u00e1genes n\u00edtidas y una reproducci\u00f3n fiel de los colores, mientras que un revestimiento polivalente de doble cara protege contra el agua, el aceite y los ara\u00f1azos.<\/p>\n<p>La construcci\u00f3n ultrafina no interfiere en la retracci\u00f3n del objetivo ni en la calibraci\u00f3n cuando est\u00e1 acoplado.<\/p>\n<\/div>\n","protected":false},"excerpt":{"rendered":"<p>Presentamos el filtro polarizador circular Tilta para DJI Osmo Pocket 3 Este filtro est\u00e1 dise\u00f1ado a medida para el Pocket 3 y dispone de una Conexi\u00f3n Magn\u00e9tica para conectarlo sin esfuerzo, mientras que el Dise\u00f1o Acanalado de Liberaci\u00f3n R\u00e1pida, que [&hellip;]<\/p>\n","protected":false},"featured_media":2563426,"comment_status":"open","ping_status":"closed","template":"","meta":[],"product_cat":[2974],"product_tag":[],"acf":[],"gallery_images":[2563414,2563433,2563420],"_links":{"self":[{"href":"https:\/\/eu.tilta.com\/es\/wp-json\/wp\/v2\/product\/2594165"}],"collection":[{"href":"https:\/\/eu.tilta.com\/es\/wp-json\/wp\/v2\/product"}],"about":[{"href":"https:\/\/eu.tilta.com\/es\/wp-json\/wp\/v2\/types\/product"}],"replies":[{"embeddable":true,"href":"https:\/\/eu.tilta.com\/es\/wp-json\/wp\/v2\/comments?post=2594165"}],"wp:featuredmedia":[{"embeddable":true,"href":"https:\/\/eu.tilta.com\/es\/wp-json\/wp\/v2\/media\/2563426"}],"wp:attachment":[{"href":"https:\/\/eu.tilta.com\/es\/wp-json\/wp\/v2\/media?parent=2594165"}],"wp:term":[{"taxonomy":"product_cat","embeddable":true,"href":"https:\/\/eu.tilta.com\/es\/wp-json\/wp\/v2\/product_cat?post=2594165"},{"taxonomy":"product_tag","embeddable":true,"href":"https:\/\/eu.tilta.com\/es\/wp-json\/wp\/v2\/product_tag?post=2594165"}],"curies":[{"name":"wp","href":"https:\/\/api.w.org\/{rel}","templated":true}]}}