{"id":2594177,"date":"2025-07-04T05:57:25","date_gmt":"2025-07-04T03:57:25","guid":{"rendered":"https:\/\/eu.tilta.com\/shop\/funda-de-piel-para-camara-fujifilm-gfx100rf-marron\/"},"modified":"2025-12-05T14:29:59","modified_gmt":"2025-12-05T13:29:59","slug":"leather-camera-case-for-fujifilm-gfx100rf-brown","status":"publish","type":"product","link":"https:\/\/eu.tilta.com\/es\/shop\/leather-camera-case-for-fujifilm-gfx100rf-brown\/","title":{"rendered":"Funda de piel para c\u00e1mara Fujifilm GFX100RF &#8211; Marr\u00f3n"},"content":{"rendered":"<div class=\"overview-text\">\n<p>Presentamos la funda de piel para c\u00e1mara Fujifilm GFX100RF<\/p>\n<p>Esta funda se monta mediante un tornillo de 1\/4\u2033-20 y proporciona a los usuarios una forma m\u00e1s c\u00f3moda de manejar y manipular el cuerpo de la c\u00e1mara mediante la empu\u00f1adura integrada.<\/p>\n<p>El dise\u00f1o tambi\u00e9n proporciona una protecci\u00f3n adicional para la parte inferior del cuerpo de la c\u00e1mara, lo que resulta especialmente \u00fatil al dejarla en el suelo.<\/p>\n<p>Una peque\u00f1a solapa en la parte inferior facilita el acceso al compartimento de las pilas.<\/p>\n<\/div>\n","protected":false},"excerpt":{"rendered":"<p>Presentamos la funda de piel para c\u00e1mara Fujifilm GFX100RF Esta funda se monta mediante un tornillo de 1\/4\u2033-20 y proporciona a los usuarios una forma m\u00e1s c\u00f3moda de manejar y manipular el cuerpo de la c\u00e1mara mediante la empu\u00f1adura integrada. [&hellip;]<\/p>\n","protected":false},"featured_media":2539589,"comment_status":"open","ping_status":"closed","template":"","meta":[],"product_cat":[4071],"product_tag":[],"acf":[],"gallery_images":[2539605,2539618,2539649,2539642,2539655,2539664],"_links":{"self":[{"href":"https:\/\/eu.tilta.com\/es\/wp-json\/wp\/v2\/product\/2594177"}],"collection":[{"href":"https:\/\/eu.tilta.com\/es\/wp-json\/wp\/v2\/product"}],"about":[{"href":"https:\/\/eu.tilta.com\/es\/wp-json\/wp\/v2\/types\/product"}],"replies":[{"embeddable":true,"href":"https:\/\/eu.tilta.com\/es\/wp-json\/wp\/v2\/comments?post=2594177"}],"wp:featuredmedia":[{"embeddable":true,"href":"https:\/\/eu.tilta.com\/es\/wp-json\/wp\/v2\/media\/2539589"}],"wp:attachment":[{"href":"https:\/\/eu.tilta.com\/es\/wp-json\/wp\/v2\/media?parent=2594177"}],"wp:term":[{"taxonomy":"product_cat","embeddable":true,"href":"https:\/\/eu.tilta.com\/es\/wp-json\/wp\/v2\/product_cat?post=2594177"},{"taxonomy":"product_tag","embeddable":true,"href":"https:\/\/eu.tilta.com\/es\/wp-json\/wp\/v2\/product_tag?post=2594177"}],"curies":[{"name":"wp","href":"https:\/\/api.w.org\/{rel}","templated":true}]}}