{"id":2594193,"date":"2025-07-02T04:44:31","date_gmt":"2025-07-02T02:44:31","guid":{"rendered":"https:\/\/eu.tilta.com\/shop\/jaula-para-canon-r50-v-kit-base\/"},"modified":"2025-12-05T14:30:33","modified_gmt":"2025-12-05T13:30:33","slug":"camera-cage-for-canon-r50-v-base-kit","status":"publish","type":"product","link":"https:\/\/eu.tilta.com\/es\/shop\/camera-cage-for-canon-r50-v-base-kit\/","title":{"rendered":"Jaula para Canon R50 V Kit Base"},"content":{"rendered":"<div class=\"overview-text\">\n<p>Presentamos la Jaula de C\u00e1mara para el Kit Base Canon R50 V<\/p>\n<p>Esta jaula para c\u00e1mara sirve como capa adicional de protecci\u00f3n para el cuerpo de tu c\u00e1mara, a la vez que aloja una amplia gama de accesorios externos mediante m\u00faltiples opciones de montaje, como un receptor de zapata fr\u00eda, un ra\u00edl NATO y roscas de \u00bc&#8221;-20 con puntos de fijaci\u00f3n.<\/p>\n<p>La placa inferior ARCA garantiza una f\u00e1cil compatibilidad con receptores ARCA como los que puedes encontrar en nuestros tr\u00edpodes, as\u00ed como con la serie S de cardanes Ronin.<\/p>\n<p>Esta jaula presenta un nuevo dise\u00f1o que permite retirar los tres puntos de montaje principales cuando no se necesitan, ya que las placas de montaje , NATO, Cold Shoe y ARCA son desmontables.<\/p>\n<p>Hemos incluido una empu\u00f1adura integrada con un mango de silicona que se ajusta a la curva de la palma de la mano, lo que hace que sea m\u00e1s c\u00f3modo de usar con la mano que una jaula de c\u00e1mara tradicional.<\/p>\n<p>La jaula sigue facilitando el acceso a todas las funciones esenciales de la c\u00e1mara, lo que te permite mantener un acceso ininterrumpido a los puertos de la c\u00e1mara, los botones de usuario y el compartimento de la bater\u00eda sin necesidad de desmontar la jaula.<\/p>\n<p>El Asa superior tambi\u00e9n mejora las opciones de montaje con roscas adicionales de 1\/4\u2033&#8221;-20 y un Receptor de zapata fr\u00eda, perfecto para un monitor externo.<\/p>\n<p>Eleva el nivel de tu videograf\u00eda con la Jaula de C\u00e1mara para el Kit Base Canon R50 V y libera el verdadero potencial de tu c\u00e1mara.<\/p>\n<\/div>\n","protected":false},"excerpt":{"rendered":"<p>Presentamos la Jaula de C\u00e1mara para el Kit Base Canon R50 V Esta jaula para c\u00e1mara sirve como capa adicional de protecci\u00f3n para el cuerpo de tu c\u00e1mara, a la vez que aloja una amplia gama de accesorios externos mediante [&hellip;]<\/p>\n","protected":false},"featured_media":2529005,"comment_status":"open","ping_status":"closed","template":"","meta":[],"product_cat":[4094],"product_tag":[],"acf":[],"gallery_images":[2529013,2529025,2529037,2529067,2529061,2529055],"_links":{"self":[{"href":"https:\/\/eu.tilta.com\/es\/wp-json\/wp\/v2\/product\/2594193"}],"collection":[{"href":"https:\/\/eu.tilta.com\/es\/wp-json\/wp\/v2\/product"}],"about":[{"href":"https:\/\/eu.tilta.com\/es\/wp-json\/wp\/v2\/types\/product"}],"replies":[{"embeddable":true,"href":"https:\/\/eu.tilta.com\/es\/wp-json\/wp\/v2\/comments?post=2594193"}],"wp:featuredmedia":[{"embeddable":true,"href":"https:\/\/eu.tilta.com\/es\/wp-json\/wp\/v2\/media\/2529005"}],"wp:attachment":[{"href":"https:\/\/eu.tilta.com\/es\/wp-json\/wp\/v2\/media?parent=2594193"}],"wp:term":[{"taxonomy":"product_cat","embeddable":true,"href":"https:\/\/eu.tilta.com\/es\/wp-json\/wp\/v2\/product_cat?post=2594193"},{"taxonomy":"product_tag","embeddable":true,"href":"https:\/\/eu.tilta.com\/es\/wp-json\/wp\/v2\/product_tag?post=2594193"}],"curies":[{"name":"wp","href":"https:\/\/api.w.org\/{rel}","templated":true}]}}