{"id":2594251,"date":"2025-07-04T04:45:01","date_gmt":"2025-07-04T02:45:01","guid":{"rendered":"https:\/\/eu.tilta.com\/shop\/rotula-de-zapata-para-fujifilm-gfx100rf\/"},"modified":"2025-12-05T14:30:33","modified_gmt":"2025-12-05T13:30:33","slug":"hot-shoe-thumb-bracket-for-fujifilm-gfx100rf","status":"publish","type":"product","link":"https:\/\/eu.tilta.com\/es\/shop\/hot-shoe-thumb-bracket-for-fujifilm-gfx100rf\/","title":{"rendered":"R\u00f3tula de zapata para Fujifilm GFX100RF"},"content":{"rendered":"<div class=\"overview-text\">\n<p>El soporte de pulgar para zapata caliente es un accesorio mec\u00e1nico ligero para la Fujifilm GFX100RF.<\/p>\n<p>Esta empu\u00f1adura para el pulgar se monta en el receptor de la zapata de la c\u00e1mara con el fin de proporcionar una posici\u00f3n c\u00f3moda y segura para que el operador coloque el pulgar.<\/p>\n<p>Esto ayuda a mejorar la estabilidad de la mano, lo que puede dar lugar a disparos m\u00e1s suaves y a una experiencia de manejo m\u00e1s c\u00f3moda en general.<\/p>\n<\/div>\n","protected":false},"excerpt":{"rendered":"<p>El soporte de pulgar para zapata caliente es un accesorio mec\u00e1nico ligero para la Fujifilm GFX100RF. Esta empu\u00f1adura para el pulgar se monta en el receptor de la zapata de la c\u00e1mara con el fin de proporcionar una posici\u00f3n c\u00f3moda [&hellip;]<\/p>\n","protected":false},"featured_media":2539220,"comment_status":"open","ping_status":"closed","template":"","meta":[],"product_cat":[4071],"product_tag":[],"acf":[],"gallery_images":[2539232],"_links":{"self":[{"href":"https:\/\/eu.tilta.com\/es\/wp-json\/wp\/v2\/product\/2594251"}],"collection":[{"href":"https:\/\/eu.tilta.com\/es\/wp-json\/wp\/v2\/product"}],"about":[{"href":"https:\/\/eu.tilta.com\/es\/wp-json\/wp\/v2\/types\/product"}],"replies":[{"embeddable":true,"href":"https:\/\/eu.tilta.com\/es\/wp-json\/wp\/v2\/comments?post=2594251"}],"wp:featuredmedia":[{"embeddable":true,"href":"https:\/\/eu.tilta.com\/es\/wp-json\/wp\/v2\/media\/2539220"}],"wp:attachment":[{"href":"https:\/\/eu.tilta.com\/es\/wp-json\/wp\/v2\/media?parent=2594251"}],"wp:term":[{"taxonomy":"product_cat","embeddable":true,"href":"https:\/\/eu.tilta.com\/es\/wp-json\/wp\/v2\/product_cat?post=2594251"},{"taxonomy":"product_tag","embeddable":true,"href":"https:\/\/eu.tilta.com\/es\/wp-json\/wp\/v2\/product_tag?post=2594251"}],"curies":[{"name":"wp","href":"https:\/\/api.w.org\/{rel}","templated":true}]}}