{"id":2594252,"date":"2025-07-04T04:29:33","date_gmt":"2025-07-04T02:29:33","guid":{"rendered":"https:\/\/eu.tilta.com\/shop\/adaptador-arca-para-jaula-tilta-vintage\/"},"modified":"2025-12-05T14:30:33","modified_gmt":"2025-12-05T13:30:33","slug":"arca-adapter-for-tilta-vintage-cage","status":"publish","type":"product","link":"https:\/\/eu.tilta.com\/es\/shop\/arca-adapter-for-tilta-vintage-cage\/","title":{"rendered":"Adaptador ARCA para jaula Tilta Vintage"},"content":{"rendered":"<p><em>Presentamos el Adaptador ARCA para Jaula Tilta Vintage<\/em><\/p>\n<p>Esta placa de liberaci\u00f3n r\u00e1pida ARCA puede fijarse directamente a la parte inferior de la placa base de montaje con agarre de madera para jaulas Tilta Vintage<\/p>\n<p>Esto permite que la c\u00e1mara se monte f\u00e1cilmente en cualquier receptor ARCA, como el que encontrar\u00edas en un card\u00e1n Ronin de la serie S o en muchos tr\u00edpodes ligeros, como nuestro <a href=\"https:\/\/eu.tilta.com\/shop\/tilta-vt05-travel-video-fluid-head-with-3-stage-carbon-fiber-tripod-legs-5kg\/\">tr\u00edpode de viaje con cabeza fluida VT-05<\/a>.<\/p>\n<p>Este Adaptador tambi\u00e9n dispone de Varias Roscas 1\/4\u2033-20 en la parte inferior para m\u00e1s opciones de montaje.<\/p>\n<p>Este adaptador est\u00e1 dise\u00f1ado para ser f\u00e1cilmente desmontable, lo que lo convierte en una opci\u00f3n perfecta para los usuarios que buscan mantenerse ligeros en determinadas situaciones de disparo, pero seguir utilizando sistemas de soporte basados en ARCA cuando sea necesario.<\/p>\n","protected":false},"excerpt":{"rendered":"<p>Presentamos el Adaptador ARCA para Jaula Tilta Vintage Esta placa de liberaci\u00f3n r\u00e1pida ARCA puede fijarse directamente a la parte inferior de la placa base de montaje con agarre de madera para jaulas Tilta Vintage Esto permite que la c\u00e1mara [&hellip;]<\/p>\n","protected":false},"featured_media":2539018,"comment_status":"open","ping_status":"closed","template":"","meta":[],"product_cat":[4071],"product_tag":[],"acf":[],"gallery_images":[2539031],"_links":{"self":[{"href":"https:\/\/eu.tilta.com\/es\/wp-json\/wp\/v2\/product\/2594252"}],"collection":[{"href":"https:\/\/eu.tilta.com\/es\/wp-json\/wp\/v2\/product"}],"about":[{"href":"https:\/\/eu.tilta.com\/es\/wp-json\/wp\/v2\/types\/product"}],"replies":[{"embeddable":true,"href":"https:\/\/eu.tilta.com\/es\/wp-json\/wp\/v2\/comments?post=2594252"}],"wp:featuredmedia":[{"embeddable":true,"href":"https:\/\/eu.tilta.com\/es\/wp-json\/wp\/v2\/media\/2539018"}],"wp:attachment":[{"href":"https:\/\/eu.tilta.com\/es\/wp-json\/wp\/v2\/media?parent=2594252"}],"wp:term":[{"taxonomy":"product_cat","embeddable":true,"href":"https:\/\/eu.tilta.com\/es\/wp-json\/wp\/v2\/product_cat?post=2594252"},{"taxonomy":"product_tag","embeddable":true,"href":"https:\/\/eu.tilta.com\/es\/wp-json\/wp\/v2\/product_tag?post=2594252"}],"curies":[{"name":"wp","href":"https:\/\/api.w.org\/{rel}","templated":true}]}}