{"id":2594268,"date":"2025-07-16T04:07:59","date_gmt":"2025-07-16T02:07:59","guid":{"rendered":"https:\/\/eu.tilta.com\/shop\/soporte-de-seguridad-para-dji-rs-4\/"},"modified":"2026-02-16T09:01:32","modified_gmt":"2026-02-16T08:01:32","slug":"security-bracket-for-dji-rs-4","status":"publish","type":"product","link":"https:\/\/eu.tilta.com\/es\/shop\/security-bracket-for-dji-rs-4\/","title":{"rendered":"Soporte de seguridad para DJI RS 4"},"content":{"rendered":"<div class=\"overview-text\">\n<p>Este soporte de seguridad proporciona seguridad adicional entre tu card\u00e1n DJI RS4 y nuestra <a href=\"https:\/\/eu.tilta.com\/shop\/power-supply-base-plate-for-dji-ronin\/\">placa base de alimentaci\u00f3n para el DJI Ronin.<\/a><\/p>\n<p>Esto te permite utilizar de forma segura la Placa base de alimentaci\u00f3n y el RS4 con soportes que requieren seguridad adicional, como el <a href=\"https:\/\/eu.tilta.com\/shop\/tilta-float-handheld-gimbal-support-system\/\">Sistema de soporte de card\u00e1n port\u00e1til Tilta Float<\/a> y el <a href=\"https:\/\/eu.tilta.com\/shop\/hydra-alien-car-mounting-system\/\">Sistema de montaje en coche Hydra Alien<\/a>.<\/p>\n<\/div>\n","protected":false},"excerpt":{"rendered":"<p>Este soporte de seguridad proporciona seguridad adicional entre tu card\u00e1n DJI RS4 y nuestra placa base de alimentaci\u00f3n para el DJI Ronin. Esto te permite utilizar de forma segura la Placa base de alimentaci\u00f3n y el RS4 con soportes que [&hellip;]<\/p>\n","protected":false},"featured_media":2589521,"comment_status":"open","ping_status":"closed","template":"","meta":[],"product_cat":[4448,3010],"product_tag":[],"acf":[],"gallery_images":[2589533,2589546,2589552,2589527,2589540],"_links":{"self":[{"href":"https:\/\/eu.tilta.com\/es\/wp-json\/wp\/v2\/product\/2594268"}],"collection":[{"href":"https:\/\/eu.tilta.com\/es\/wp-json\/wp\/v2\/product"}],"about":[{"href":"https:\/\/eu.tilta.com\/es\/wp-json\/wp\/v2\/types\/product"}],"replies":[{"embeddable":true,"href":"https:\/\/eu.tilta.com\/es\/wp-json\/wp\/v2\/comments?post=2594268"}],"wp:featuredmedia":[{"embeddable":true,"href":"https:\/\/eu.tilta.com\/es\/wp-json\/wp\/v2\/media\/2589521"}],"wp:attachment":[{"href":"https:\/\/eu.tilta.com\/es\/wp-json\/wp\/v2\/media?parent=2594268"}],"wp:term":[{"taxonomy":"product_cat","embeddable":true,"href":"https:\/\/eu.tilta.com\/es\/wp-json\/wp\/v2\/product_cat?post=2594268"},{"taxonomy":"product_tag","embeddable":true,"href":"https:\/\/eu.tilta.com\/es\/wp-json\/wp\/v2\/product_tag?post=2594268"}],"curies":[{"name":"wp","href":"https:\/\/api.w.org\/{rel}","templated":true}]}}