{"id":2594283,"date":"2025-07-02T04:48:33","date_gmt":"2025-07-02T02:48:33","guid":{"rendered":"https:\/\/eu.tilta.com\/shop\/jaula-completa-para-canon-r50-v\/"},"modified":"2025-12-05T14:31:10","modified_gmt":"2025-12-05T13:31:10","slug":"full-camera-cage-for-canon-r50-v","status":"publish","type":"product","link":"https:\/\/eu.tilta.com\/es\/shop\/full-camera-cage-for-canon-r50-v\/","title":{"rendered":"Jaula completa para Canon R50 V"},"content":{"rendered":"<div class=\"overview-text\">\n<p><em>Presentamos la Jaula de C\u00e1mara Completa para Canon R50 V.<\/em><\/p>\n<p>Esta jaula para c\u00e1mara sirve como capa adicional de protecci\u00f3n para el cuerpo de tu c\u00e1mara, a la vez que aloja una amplia gama de accesorios externos mediante m\u00faltiples opciones de montaje, como un receptor de zapata fr\u00eda, un ra\u00edl NATO y roscas de \u00bc&#8221;-20 con puntos de fijaci\u00f3n.<\/p>\n<p>La placa inferior ARCA garantiza una f\u00e1cil compatibilidad con receptores ARCA como los que puedes encontrar en nuestros tr\u00edpodes, as\u00ed como con la serie S de cardanes Ronin.<\/p>\n<p>Esta jaula presenta un nuevo dise\u00f1o que permite retirar los tres puntos de montaje principales cuando no se necesitan, ya que las placas de montaje , NATO, Cold Shoe y ARCA son desmontables.<\/p>\n<p>Hemos incluido una empu\u00f1adura integrada con un mango de silicona que se ajusta a la curva de la palma de la mano, lo que hace que sea m\u00e1s c\u00f3modo de usar con la mano que una jaula de c\u00e1mara tradicional.<\/p>\n<p>La jaula sigue facilitando el acceso a todas las funciones esenciales de la c\u00e1mara, lo que te permite mantener un acceso ininterrumpido a los puertos de la c\u00e1mara, los botones de usuario y el compartimento de la bater\u00eda sin necesidad de desmontar la jaula.<\/p>\n<p>Eleva tu juego videogr\u00e1fico con la <em>Jaula de C\u00e1mara Completa para Canon R50<\/em> V y libera el verdadero potencial de tu c\u00e1mara.<\/p>\n<\/div>\n","protected":false},"excerpt":{"rendered":"<p>Presentamos la Jaula de C\u00e1mara Completa para Canon R50 V. Esta jaula para c\u00e1mara sirve como capa adicional de protecci\u00f3n para el cuerpo de tu c\u00e1mara, a la vez que aloja una amplia gama de accesorios externos mediante m\u00faltiples opciones [&hellip;]<\/p>\n","protected":false},"featured_media":2529274,"comment_status":"open","ping_status":"closed","template":"","meta":[],"product_cat":[4094],"product_tag":[],"acf":[],"gallery_images":[2529282,2529294,2529306,2529318,2529324,2529330],"_links":{"self":[{"href":"https:\/\/eu.tilta.com\/es\/wp-json\/wp\/v2\/product\/2594283"}],"collection":[{"href":"https:\/\/eu.tilta.com\/es\/wp-json\/wp\/v2\/product"}],"about":[{"href":"https:\/\/eu.tilta.com\/es\/wp-json\/wp\/v2\/types\/product"}],"replies":[{"embeddable":true,"href":"https:\/\/eu.tilta.com\/es\/wp-json\/wp\/v2\/comments?post=2594283"}],"wp:featuredmedia":[{"embeddable":true,"href":"https:\/\/eu.tilta.com\/es\/wp-json\/wp\/v2\/media\/2529274"}],"wp:attachment":[{"href":"https:\/\/eu.tilta.com\/es\/wp-json\/wp\/v2\/media?parent=2594283"}],"wp:term":[{"taxonomy":"product_cat","embeddable":true,"href":"https:\/\/eu.tilta.com\/es\/wp-json\/wp\/v2\/product_cat?post=2594283"},{"taxonomy":"product_tag","embeddable":true,"href":"https:\/\/eu.tilta.com\/es\/wp-json\/wp\/v2\/product_tag?post=2594283"}],"curies":[{"name":"wp","href":"https:\/\/api.w.org\/{rel}","templated":true}]}}