{"id":2594406,"date":"2025-06-10T08:01:19","date_gmt":"2025-06-10T06:01:19","guid":{"rendered":"https:\/\/eu.tilta.com\/shop\/adaptador-arca-giratorio-tilta-negro\/"},"modified":"2026-02-16T09:01:33","modified_gmt":"2026-02-16T08:01:33","slug":"tilta-rotatable-arca-adapter-black","status":"publish","type":"product","link":"https:\/\/eu.tilta.com\/es\/shop\/tilta-rotatable-arca-adapter-black\/","title":{"rendered":"Adaptador ARCA giratorio Tilta &#8211; Negro"},"content":{"rendered":"<div class=\"overview-text\">\n<p><em>Presentamos el Adaptador ARCA Giratorio Tilta.<\/em><\/p>\n<p>Este adaptador se monta en los receptores ARCA est\u00e1ndar de DJI en un extremo y cuenta con un receptor ARCA giratorio en el otro.<\/p>\n<p>Esto permite a los usuarios girar f\u00e1cilmente la direcci\u00f3n de su receptor ARCA para mejorar la flexibilidad entre los accesorios que utilizan ARCA en diferentes orientaciones.<\/p>\n<p>Esto es especialmente \u00fatil para los usuarios que realizan la transici\u00f3n entre los tr\u00edpodes ARCA de montaje frontal y los receptores ARCA de montaje lateral que se encuentran en la serie de cardanes DJI Ronin.<\/p>\n<p>Tambi\u00e9n se puede utilizar para situaciones de rigging \u00fanicas, ya que permite a los usuarios reposicionar r\u00e1pidamente una c\u00e1mara o accesorio conectado desde un receptor ARCA en una posici\u00f3n fija.<\/p>\n<\/div>\n","protected":false},"excerpt":{"rendered":"<p>Presentamos el Adaptador ARCA Giratorio Tilta. Este adaptador se monta en los receptores ARCA est\u00e1ndar de DJI en un extremo y cuenta con un receptor ARCA giratorio en el otro. Esto permite a los usuarios girar f\u00e1cilmente la direcci\u00f3n de [&hellip;]<\/p>\n","protected":false},"featured_media":2457565,"comment_status":"open","ping_status":"closed","template":"","meta":[],"product_cat":[4448,2864],"product_tag":[],"acf":[],"gallery_images":[2457542,2457548,2457554],"_links":{"self":[{"href":"https:\/\/eu.tilta.com\/es\/wp-json\/wp\/v2\/product\/2594406"}],"collection":[{"href":"https:\/\/eu.tilta.com\/es\/wp-json\/wp\/v2\/product"}],"about":[{"href":"https:\/\/eu.tilta.com\/es\/wp-json\/wp\/v2\/types\/product"}],"replies":[{"embeddable":true,"href":"https:\/\/eu.tilta.com\/es\/wp-json\/wp\/v2\/comments?post=2594406"}],"wp:featuredmedia":[{"embeddable":true,"href":"https:\/\/eu.tilta.com\/es\/wp-json\/wp\/v2\/media\/2457565"}],"wp:attachment":[{"href":"https:\/\/eu.tilta.com\/es\/wp-json\/wp\/v2\/media?parent=2594406"}],"wp:term":[{"taxonomy":"product_cat","embeddable":true,"href":"https:\/\/eu.tilta.com\/es\/wp-json\/wp\/v2\/product_cat?post=2594406"},{"taxonomy":"product_tag","embeddable":true,"href":"https:\/\/eu.tilta.com\/es\/wp-json\/wp\/v2\/product_tag?post=2594406"}],"curies":[{"name":"wp","href":"https:\/\/api.w.org\/{rel}","templated":true}]}}