{"id":3136129,"date":"2025-10-17T04:35:39","date_gmt":"2025-10-17T02:35:39","guid":{"rendered":"https:\/\/eu.tilta.com\/shop\/bolsa-de-transporte-de-5-litros-para-el-ecosistema-khronos-gris\/"},"modified":"2026-04-15T03:59:31","modified_gmt":"2026-04-15T01:59:31","slug":"5l-carrying-pouch-for-khronos-ecosystem-grey","status":"publish","type":"product","link":"https:\/\/eu.tilta.com\/es\/shop\/5l-carrying-pouch-for-khronos-ecosystem-grey\/","title":{"rendered":"Bolsa de transporte de 5 litros para el Ecosistema Khronos &#8211; Gris"},"content":{"rendered":"<div class=\"overview-text\">\n<p><em>Presentamos la Bolsa de Transporte para el Ecosistema Khronos<\/em><\/p>\n<p>Esta funda es la opci\u00f3n perfecta para viajar con la Funda para tel\u00e9fono Khronos Ecosystem o cualquier otro accesorio para c\u00e1mara de tama\u00f1o similar.<\/p>\n<p>Su vers\u00e1til sistema de montaje m\u00faltiple trasero te permite llevarlo c\u00f3modamente alrededor de la cintura, cruzado sobre el pecho o sujeto a tu equipo, proporcionando opciones de transporte personalizadas.<\/p>\n<p>Tus pertenencias permanecen a salvo de los elementos gracias a las cremalleras SBS de primera calidad con revestimiento impermeable.<\/p>\n<p>Un compartimento interior proporciona un almacenamiento discreto y seguro para objetos de valor y accesorios m\u00e1s peque\u00f1os, mientras que toda la Bolsa en s\u00ed tiene 5 L de capacidad de almacenamiento.<\/p>\n<p>La Bolsa de Transporte Khronos Ecosystem es ideal para profesionales activos, como los cineastas, ya que ofrece una forma compacta y segura de transportar herramientas y accesorios esenciales.<\/p>\n<\/div>\n","protected":false},"excerpt":{"rendered":"<p>Presentamos la Bolsa de Transporte para el Ecosistema Khronos Esta funda es la opci\u00f3n perfecta para viajar con la Funda para tel\u00e9fono Khronos Ecosystem o cualquier otro accesorio para c\u00e1mara de tama\u00f1o similar. Su vers\u00e1til sistema de montaje m\u00faltiple trasero [&hellip;]<\/p>\n","protected":false},"featured_media":3080473,"comment_status":"open","ping_status":"closed","template":"","meta":[],"product_cat":[4493,2966,884],"product_tag":[],"acf":[],"gallery_images":[3080479,3080485,3080512,3080505,3080499,3080492],"_links":{"self":[{"href":"https:\/\/eu.tilta.com\/es\/wp-json\/wp\/v2\/product\/3136129"}],"collection":[{"href":"https:\/\/eu.tilta.com\/es\/wp-json\/wp\/v2\/product"}],"about":[{"href":"https:\/\/eu.tilta.com\/es\/wp-json\/wp\/v2\/types\/product"}],"replies":[{"embeddable":true,"href":"https:\/\/eu.tilta.com\/es\/wp-json\/wp\/v2\/comments?post=3136129"}],"wp:featuredmedia":[{"embeddable":true,"href":"https:\/\/eu.tilta.com\/es\/wp-json\/wp\/v2\/media\/3080473"}],"wp:attachment":[{"href":"https:\/\/eu.tilta.com\/es\/wp-json\/wp\/v2\/media?parent=3136129"}],"wp:term":[{"taxonomy":"product_cat","embeddable":true,"href":"https:\/\/eu.tilta.com\/es\/wp-json\/wp\/v2\/product_cat?post=3136129"},{"taxonomy":"product_tag","embeddable":true,"href":"https:\/\/eu.tilta.com\/es\/wp-json\/wp\/v2\/product_tag?post=3136129"}],"curies":[{"name":"wp","href":"https:\/\/api.w.org\/{rel}","templated":true}]}}