{"id":3136161,"date":"2025-10-10T04:42:37","date_gmt":"2025-10-10T02:42:37","guid":{"rendered":"https:\/\/eu.tilta.com\/shop\/cable-de-alimentacion-nucleus-m-ii-de-7-patillas-a-usb-c-36-cm\/"},"modified":"2025-12-05T14:34:58","modified_gmt":"2025-12-05T13:34:58","slug":"nucleus-m-ii-7-pin-to-usb-c-power-cable-36cm","status":"publish","type":"product","link":"https:\/\/eu.tilta.com\/es\/shop\/nucleus-m-ii-7-pin-to-usb-c-power-cable-36cm\/","title":{"rendered":"Cable de alimentaci\u00f3n Nucleus-M II de 7 patillas a USB-C (36 cm)"},"content":{"rendered":"<div class=\"overview-text\">\n<p><em>Presentamos el cable de alimentaci\u00f3n Nucleus-M II de 7 patillas a USB-C (36 cm)<\/em><\/p>\n<p class=\"p1\">Este cable EXT de 7 patillas se conecta al Motor Nucleus-M II por un extremo y a entradas USB-C compatibles por el otro.<\/p>\n<p>Es una opci\u00f3n perfecta para encadenar motores Nucleus-M II con motores Nucleus Nano II.<\/p>\n<p>ADVERTENCIA: Este cable pasar\u00e1 por el mismo voltaje que recibe el Motor M II, lo que significa que puede da\u00f1ar f\u00e1cilmente los dispositivos USB-C est\u00e1ndar. Recomendamos utilizarlo s\u00f3lo con el Motor Nano II.<\/p>\n<\/div>\n","protected":false},"excerpt":{"rendered":"<p>Presentamos el cable de alimentaci\u00f3n Nucleus-M II de 7 patillas a USB-C (36 cm) Este cable EXT de 7 patillas se conecta al Motor Nucleus-M II por un extremo y a entradas USB-C compatibles por el otro. Es una opci\u00f3n [&hellip;]<\/p>\n","protected":false},"featured_media":3047700,"comment_status":"open","ping_status":"closed","template":"","meta":[],"product_cat":[3919],"product_tag":[],"acf":[],"gallery_images":[3047706],"_links":{"self":[{"href":"https:\/\/eu.tilta.com\/es\/wp-json\/wp\/v2\/product\/3136161"}],"collection":[{"href":"https:\/\/eu.tilta.com\/es\/wp-json\/wp\/v2\/product"}],"about":[{"href":"https:\/\/eu.tilta.com\/es\/wp-json\/wp\/v2\/types\/product"}],"replies":[{"embeddable":true,"href":"https:\/\/eu.tilta.com\/es\/wp-json\/wp\/v2\/comments?post=3136161"}],"wp:featuredmedia":[{"embeddable":true,"href":"https:\/\/eu.tilta.com\/es\/wp-json\/wp\/v2\/media\/3047700"}],"wp:attachment":[{"href":"https:\/\/eu.tilta.com\/es\/wp-json\/wp\/v2\/media?parent=3136161"}],"wp:term":[{"taxonomy":"product_cat","embeddable":true,"href":"https:\/\/eu.tilta.com\/es\/wp-json\/wp\/v2\/product_cat?post=3136161"},{"taxonomy":"product_tag","embeddable":true,"href":"https:\/\/eu.tilta.com\/es\/wp-json\/wp\/v2\/product_tag?post=3136161"}],"curies":[{"name":"wp","href":"https:\/\/api.w.org\/{rel}","templated":true}]}}