{"id":3136175,"date":"2025-09-22T15:26:26","date_gmt":"2025-09-22T13:26:26","guid":{"rendered":"https:\/\/eu.tilta.com\/shop\/funda-khronos-lite-iphone-17-pro-pro-max\/"},"modified":"2026-04-15T04:00:02","modified_gmt":"2026-04-15T02:00:02","slug":"khronos-lite-iphone-17-pro-pro-max-case","status":"publish","type":"product","link":"https:\/\/eu.tilta.com\/es\/shop\/khronos-lite-iphone-17-pro-pro-max-case\/","title":{"rendered":"Funda Khronos Lite iPhone 17 Pro\/Pro Max"},"content":{"rendered":"<p>Presentamos la funda Khronos Lite para iPhone 17 Pro\/Pro Max<\/p>\n<p>El rendimiento profesional es ahora m\u00e1s ligero que nunca.<\/p>\n<p>El soporte incorporado admite orientaciones horizontal y vertical, perfecto para videollamadas manos libres, streaming o sesiones de estudio.<\/p>\n<p>La placa trasera magn\u00e9tica permite a los usuarios acoplar accesorios magn\u00e9ticos adicionales, como tarjeteros, luces LED, SSD, Power Banks o ventiladores de refrigeraci\u00f3n.<\/p>\n<p>Elementos de protecci\u00f3n adicionales, como un anillo met\u00e1lico alrededor de las c\u00e1maras y cantoneras reforzadas, ayudan a protegerlas de los golpes.<\/p>\n<p>Al igual que nuestras otras fundas, Khronos Lite admite el paso t\u00e1ctil capacitivo para el bot\u00f3n de control de la c\u00e1mara.<\/p>\n","protected":false},"excerpt":{"rendered":"<p>Presentamos la funda Khronos Lite para iPhone 17 Pro\/Pro Max El rendimiento profesional es ahora m\u00e1s ligero que nunca. El soporte incorporado admite orientaciones horizontal y vertical, perfecto para videollamadas manos libres, streaming o sesiones de estudio. La placa trasera [&hellip;]<\/p>\n","protected":false},"featured_media":2914992,"comment_status":"open","ping_status":"closed","template":"","meta":[],"product_cat":[4496,865],"product_tag":[],"acf":[],"gallery_images":[2914995,2915001,2915009,2915017],"_links":{"self":[{"href":"https:\/\/eu.tilta.com\/es\/wp-json\/wp\/v2\/product\/3136175"}],"collection":[{"href":"https:\/\/eu.tilta.com\/es\/wp-json\/wp\/v2\/product"}],"about":[{"href":"https:\/\/eu.tilta.com\/es\/wp-json\/wp\/v2\/types\/product"}],"replies":[{"embeddable":true,"href":"https:\/\/eu.tilta.com\/es\/wp-json\/wp\/v2\/comments?post=3136175"}],"wp:featuredmedia":[{"embeddable":true,"href":"https:\/\/eu.tilta.com\/es\/wp-json\/wp\/v2\/media\/2914992"}],"wp:attachment":[{"href":"https:\/\/eu.tilta.com\/es\/wp-json\/wp\/v2\/media?parent=3136175"}],"wp:term":[{"taxonomy":"product_cat","embeddable":true,"href":"https:\/\/eu.tilta.com\/es\/wp-json\/wp\/v2\/product_cat?post=3136175"},{"taxonomy":"product_tag","embeddable":true,"href":"https:\/\/eu.tilta.com\/es\/wp-json\/wp\/v2\/product_tag?post=3136175"}],"curies":[{"name":"wp","href":"https:\/\/api.w.org\/{rel}","templated":true}]}}