{"id":3136210,"date":"2025-09-22T16:02:48","date_gmt":"2025-09-22T14:02:48","guid":{"rendered":"https:\/\/eu.tilta.com\/shop\/kit-definitivo-khronos-iphone-17-pro-pro-max\/"},"modified":"2026-04-29T12:45:18","modified_gmt":"2026-04-29T10:45:18","slug":"khronos-iphone-17-pro-pro-max-ultimate-kit","status":"publish","type":"product","link":"https:\/\/eu.tilta.com\/es\/shop\/khronos-iphone-17-pro-pro-max-ultimate-kit\/","title":{"rendered":"Kit definitivo Khronos iPhone 17 Pro\/Pro Max"},"content":{"rendered":"<p>Presentamos el Kit Khronos Ultimate para iPhone 17 Pro \/ Pro Max, la nueva generaci\u00f3n de filmaci\u00f3n m\u00f3vil.<\/p>\n<p>Dise\u00f1ada meticulosamente para ambos modelos de iPhone 17, esta funda para smartphone inspirada en la jaula de la c\u00e1mara ofrece una mezcla inigualable de funcionalidad y elegancia. Fabricada para proteger tu tel\u00e9fono del desgaste diario, la funda Khronos ofrece una protecci\u00f3n fiable sin comprometer el estilo ni la funcionalidad.<\/p>\n<p>La instalaci\u00f3n es m\u00e1s f\u00e1cil que nunca, ya que esta funda actualizada cuenta con un dise\u00f1o de enganche r\u00e1pido, que permite a los usuarios instalar o retirar la funda r\u00e1pidamente, al tiempo que garantiza que todos los accesorios conectados permanezcan firmemente sujetos. La carcasa Khronos cuenta con puntos de contacto electr\u00f3nicos integrados por todas partes, lo que te permite pasar energ\u00eda a trav\u00e9s de la jaula para alimentar tus accesorios.<\/p>\n<p>El Kit Definitivo incluye el <a href=\"https:\/\/eu.tilta.com\/shop\/khronos-focus-pd-handle-for-iphone\/\">Mango Khronos Focus PD<\/a>, que proporciona potencia adicional a tu sistema y ofrece un mayor control sobre las funciones de Enfoque y Zoom del iPhone. Esta empu\u00f1adura utiliza el mismo mecanismo innovador de abrazadera de bloqueo que otros accesorios Khronos e incorpora una bater\u00eda interna que se puede cargar mediante USB-C.<\/p>\n<p>La empu\u00f1adura se conecta a un iPhone 16 mediante un cable USB-C integrado y utiliza bluetooth para controlar el enfoque o el zoom mediante el dial de la parte frontal de la empu\u00f1adura. Esto tambi\u00e9n proporciona m\u00e1s estabilidad al manejar el sistema y el bot\u00f3n de grabaci\u00f3n garantiza que los usuarios no tengan que soltar la empu\u00f1adura para empezar a grabar.<\/p>\n<p>La <a href=\"https:\/\/eu.tilta.com\/shop\/khronos-circular-wooden-handle\/\">empu\u00f1adura circular de madera<\/a> sirve como opci\u00f3n alternativa para manejarla y lleva integrado un ra\u00edl NATO para montar accesorios de c\u00e1mara m\u00e1s tradicionales. El propio mango de madera tiene una peque\u00f1a r\u00f3tula que permite girarlo para colocarlo en la configuraci\u00f3n m\u00e1s c\u00f3moda para un golpe o una configuraci\u00f3n espec\u00edficos.<\/p>\n<p>Tambi\u00e9n se incluye con el kit el <a href=\"https:\/\/eu.tilta.com\/shop\/khronos-cooling-system-v2-for-iphone-16-pro-pro-max\/\">Sistema de Refrigeraci\u00f3n V2 para Khronos<\/a>, que cuenta con un disipador de calor de frecuencia variable capaz de 22 W. S\u00f3lo tienes que conectarlo a una fuente de alimentaci\u00f3n externa mediante USB-C o utilizar la alimentaci\u00f3n del asa incluida para cargar simult\u00e1neamente tu iPhone y mantener su temperatura mientras utilizas la conexi\u00f3n magn\u00e9tica inal\u00e1mbrica MagSafe.<\/p>\n<p>Tambi\u00e9n se incluye en este kit un <a href=\"https:\/\/eu.tilta.com\/shop\/khronos-quick-release-usb-c-hub\/\">Hub USB-C<\/a> que se conecta al iPhone mediante USB-C y ampl\u00eda las opciones para conectar unidades externas, as\u00ed como monitores externos a trav\u00e9s de un puerto HDMI. La parte inferior de este concentrador USB-C cuenta con una placa de liberaci\u00f3n r\u00e1pida ARCA integrada, que lo hace ideal para montarlo en tr\u00edpodes o cardanes.<\/p>\n<p>Este kit tambi\u00e9n incluye una <a href=\"https:\/\/eu.tilta.com\/shop\/khronos-mini-led-panel-daylight\/\">miniluz LED diurna<\/a> que puede montarse en varias posiciones en la carcasa. La luz presenta un CRI \u226595RA y tiene 3 niveles de luminosidad establecidos, as\u00ed como un soporte ajustable.<\/p>\n<p>La<a href=\"https:\/\/eu.tilta.com\/shop\/khronos-58mm-filter-tray-for-iphone-17-pro-pro-max\/\"> bandeja para filtros de<\/a> 58 mm se monta f\u00e1cilmente en la funda Khronos para alojar filtros Tilta o de terceros de 58 mm<\/p>\n<p>El<a href=\"https:\/\/eu.tilta.com\/shop\/khronos-magnetic-58mm-variable-nd-filter-2-5-stops\/\"> Filtro ND Variable Magn\u00e9tico de 58 mm (2-5 Stops)<\/a> incluido proporciona un mayor control sobre la exposici\u00f3n al permitir a los usuarios reducir la luz visible para el sensor, lo que tambi\u00e9n ayuda a mantener constante la velocidad de obturaci\u00f3n cuando se dispara en entornos de iluminaci\u00f3n m\u00e1s brillante, como la luz del d\u00eda.<\/p>\n<p><b>NOTA: El mango Focus y el concentrador USB-C necesitan un cable TRS de 3,5 mm a TRRS de 3,5 mm para poder utilizar fuentes de audio externas.<\/b><\/p>\n","protected":false},"excerpt":{"rendered":"<p>Presentamos el Kit Khronos Ultimate para iPhone 17 Pro \/ Pro Max, la nueva generaci\u00f3n de filmaci\u00f3n m\u00f3vil. Dise\u00f1ada meticulosamente para ambos modelos de iPhone 17, esta funda para smartphone inspirada en la jaula de la c\u00e1mara ofrece una mezcla [&hellip;]<\/p>\n","protected":false},"featured_media":2915546,"comment_status":"open","ping_status":"closed","template":"","meta":[],"product_cat":[4207,4496],"product_tag":[],"acf":[],"gallery_images":[2915553,2915559,2915565],"_links":{"self":[{"href":"https:\/\/eu.tilta.com\/es\/wp-json\/wp\/v2\/product\/3136210"}],"collection":[{"href":"https:\/\/eu.tilta.com\/es\/wp-json\/wp\/v2\/product"}],"about":[{"href":"https:\/\/eu.tilta.com\/es\/wp-json\/wp\/v2\/types\/product"}],"replies":[{"embeddable":true,"href":"https:\/\/eu.tilta.com\/es\/wp-json\/wp\/v2\/comments?post=3136210"}],"wp:featuredmedia":[{"embeddable":true,"href":"https:\/\/eu.tilta.com\/es\/wp-json\/wp\/v2\/media\/2915546"}],"wp:attachment":[{"href":"https:\/\/eu.tilta.com\/es\/wp-json\/wp\/v2\/media?parent=3136210"}],"wp:term":[{"taxonomy":"product_cat","embeddable":true,"href":"https:\/\/eu.tilta.com\/es\/wp-json\/wp\/v2\/product_cat?post=3136210"},{"taxonomy":"product_tag","embeddable":true,"href":"https:\/\/eu.tilta.com\/es\/wp-json\/wp\/v2\/product_tag?post=3136210"}],"curies":[{"name":"wp","href":"https:\/\/api.w.org\/{rel}","templated":true}]}}